{"id":161615,"date":"2017-11-09T11:47:55","date_gmt":"2017-11-09T10:47:55","guid":{"rendered":"https:\/\/dev.basefit.bitdivision.de?page_id=161615"},"modified":"2025-12-16T09:24:47","modified_gmt":"2025-12-16T08:24:47","slug":"legal-notice","status":"publish","type":"page","link":"https:\/\/www.puregym.swiss\/fr\/legal-notice.html","title":{"rendered":"Legal notice"},"content":{"rendered":"<div class=\"wpb-content-wrapper\"><p>[vc_row][vc_column][vc_column_text css=\u00a0\u00bb\u00a0\u00bb el_class=\u00a0\u00bbheadline\u00a0\u00bb]<\/p>\n<h1 class=\"p1\" style=\"text-align: center;\">Legal notice<\/h1>\n<h3 class=\"sub-headline\" style=\"text-align: center;\">Mentions l\u00e9gales<\/h3>\n<p>[\/vc_column_text][vc_column_text css=\u00a0\u00bb.vc_custom_1641825719536{margin-bottom: 70px !important;}\u00a0\u00bb]<\/p>\n<h4 style=\"text-align: center;\">PureGym AG<\/h4>\n<p style=\"text-align: center;\">Grabenwisstrasse 5<br \/>\n8604 Volketswil<\/p>\n<p style=\"text-align: center;\">E-Mail: mitgliederverwaltung@puregym.swiss<br \/>\nWebsite: http:\/\/puregym.swiss<\/p>\n<p class=\"p1\" style=\"text-align: center;\">Registre du commerce: CH-020.3.031.666-2<br \/>\nNum\u00e9ro de contribuable: CHE-113.928.892 TVA<\/p>\n<p>[\/vc_column_text][vc_column_text el_class=\u00a0\u00bbtext-xs-dplLine\u00a0\u00bb]<\/p>\n<p class=\"p1\"><strong>Google-analytics<\/strong><\/p>\n<p class=\"p1\">Ce site Internet utilise Google Analytics, un service d\u2019analyse de l\u2019Internet de Google Inc. (\u00abGoogle\u00bb) Google Analytics utilise des \u00abcookies\u00bb, c\u2019est-\u00e0-dire des fichiers texte qui sont sauvegard\u00e9s sur votre ordinateur et qui permettent d\u2019analyser l\u2019utilisation que vous faites du site Internet. Les informations g\u00e9n\u00e9r\u00e9es par ces cookies et renseignant sur votre utilisation de ce site Internet sont transmises \u00e0 un serveur de Google bas\u00e9 aux USA o\u00f9 elles sont sauvegard\u00e9es (y compris votre adresse IP). Google utilise ces informations pour \u00e9tudier votre utilisation du site Internet, dresser des rapports sur les activit\u00e9s que vous menez sur le site et pour proposer des prestations en lien avec votre utilisation du site et d\u2019Internet en g\u00e9n\u00e9ral. Google transmet \u00e9ventuellement ces informations \u00e0 des tiers dans la mesure o\u00f9 la loi l\u2019impose ou un tiers traite ces informations sur ordre de Google. En aucun cas Google ne fera le lien entre votre adresse IP et d\u2019autres donn\u00e9es d\u00e9tenues par Google. Vous pouvez emp\u00eacher l\u2019installation des cookies en proc\u00e9dant aux param\u00e9trages ad\u00e9quats de votre navigateur. Nous vous rappelons toutefois que vous ne pourrez alors plus utiliser toutes les fonctions de ce site Internet. En utilisant le pr\u00e9sent site Internet, vous d\u00e9clarez \u00eatre d\u2019accord avec le traitement des donn\u00e9es vous concernant et retenues par Google dans les limites et aux fins susmentionn\u00e9es.<\/p>\n<p>[\/vc_column_text][\/vc_column][\/vc_row]<\/p>\n<\/div>","protected":false},"excerpt":{"rendered":"<p>[vc_row][vc_column][vc_column_text css=\u00a0\u00bb\u00a0\u00bb el_class=\u00a0\u00bbheadline\u00a0\u00bb] Legal notice Mentions l\u00e9gales [\/vc_column_text][vc_column_text css=\u00a0\u00bb.vc_custom_1641825719536{margin-bottom: 70px !important;}\u00a0\u00bb] PureGym AG Grabenwisstrasse 5 8604 Volketswil E-Mail: mitgliederverwaltung@puregym.swiss Website: http:\/\/puregym.swiss Registre du commerce: CH-020.3.031.666-2 Num\u00e9ro de contribuable: CHE-113.928.892 TVA [\/vc_column_text][vc_column_text el_class=\u00a0\u00bbtext-xs-dplLine\u00a0\u00bb] Google-analytics Ce site Internet utilise Google Analytics, un service d\u2019analyse de l\u2019Internet de Google Inc. (\u00abGoogle\u00bb) Google Analytics utilise des \u00abcookies\u00bb, c\u2019est-\u00e0-dire des [&hellip;]<\/p>\n","protected":false},"author":48,"featured_media":0,"parent":0,"menu_order":4,"comment_status":"closed","ping_status":"closed","template":"","meta":{"_acf_changed":false,"footnotes":""},"class_list":["post-161615","page","type-page","status-publish","hentry"],"acf":[],"_links":{"self":[{"href":"https:\/\/www.puregym.swiss\/fr\/wp-json\/wp\/v2\/pages\/161615","targetHints":{"allow":["GET"]}}],"collection":[{"href":"https:\/\/www.puregym.swiss\/fr\/wp-json\/wp\/v2\/pages"}],"about":[{"href":"https:\/\/www.puregym.swiss\/fr\/wp-json\/wp\/v2\/types\/page"}],"author":[{"embeddable":true,"href":"https:\/\/www.puregym.swiss\/fr\/wp-json\/wp\/v2\/users\/48"}],"replies":[{"embeddable":true,"href":"https:\/\/www.puregym.swiss\/fr\/wp-json\/wp\/v2\/comments?post=161615"}],"version-history":[{"count":1,"href":"https:\/\/www.puregym.swiss\/fr\/wp-json\/wp\/v2\/pages\/161615\/revisions"}],"predecessor-version":[{"id":390304,"href":"https:\/\/www.puregym.swiss\/fr\/wp-json\/wp\/v2\/pages\/161615\/revisions\/390304"}],"wp:attachment":[{"href":"https:\/\/www.puregym.swiss\/fr\/wp-json\/wp\/v2\/media?parent=161615"}],"curies":[{"name":"wp","href":"https:\/\/api.w.org\/{rel}","templated":true}]}}