{"id":161759,"date":"2017-11-10T11:59:18","date_gmt":"2017-11-10T10:59:18","guid":{"rendered":"https:\/\/dev.basefit.bitdivision.de?page_id=161759"},"modified":"2025-12-15T14:36:19","modified_gmt":"2025-12-15T13:36:19","slug":"offres-et-actualites","status":"publish","type":"page","link":"https:\/\/www.puregym.swiss\/fr\/offres-et-actualites.html","title":{"rendered":"Offres et actualit\u00e9s"},"content":{"rendered":"<div class=\"wpb-content-wrapper\"><p>[vc_row][vc_column][vc_column_text css=\u00a0\u00bb\u00a0\u00bb el_class=\u00a0\u00bbheadline\u00a0\u00bb]<\/p>\n<h1 style=\"text-align: center;\">Actualit\u00e9s Exercices &amp; Fitness<\/h1>\n<h3 class=\"sub-headline\" style=\"text-align: center;\">D\u00e9couvrez les derni\u00e8res actus et offres de nos studios, ainsi que des id\u00e9es d&rsquo;entra\u00eenement, des conseils de fitness et de nutrition, et des recettes<\/h3>\n<p>[\/vc_column_text][vc_basic_grid post_type=\u00a0\u00bbpost\u00a0\u00bb max_items=\u00a0\u00bb200&Prime; show_filter=\u00a0\u00bbyes\u00a0\u00bb gap=\u00a0\u00bb10&Prime; filter_default_title=\u00a0\u00bbmontrer tout\u00a0\u00bb filter_align=\u00a0\u00bbleft\u00a0\u00bb item=\u00a0\u00bb162501&Prime; grid_id=\u00a0\u00bbvc_gid:1765805667719-c9531550-dcfc-5&Prime; filter_source=\u00a0\u00bbcategory\u00a0\u00bb exclude_filter=\u00a0\u00bb6, 6&Prime; el_id=\u00a0\u00bbbasefit_news\u00a0\u00bb taxonomies=\u00a0\u00bb17, 15, 1768, 3899, 9670&Prime;][\/vc_column][\/vc_row]<\/p>\n<\/div>","protected":false},"excerpt":{"rendered":"<p>[vc_row][vc_column][vc_column_text css=\u00a0\u00bb\u00a0\u00bb el_class=\u00a0\u00bbheadline\u00a0\u00bb] Actualit\u00e9s Exercices &amp; Fitness D\u00e9couvrez les derni\u00e8res actus et offres de nos studios, ainsi que des id\u00e9es d&rsquo;entra\u00eenement, des conseils de fitness et de nutrition, et des recettes [\/vc_column_text][vc_basic_grid post_type=\u00a0\u00bbpost\u00a0\u00bb max_items=\u00a0\u00bb200&Prime; show_filter=\u00a0\u00bbyes\u00a0\u00bb gap=\u00a0\u00bb10&Prime; filter_default_title=\u00a0\u00bbmontrer tout\u00a0\u00bb filter_align=\u00a0\u00bbleft\u00a0\u00bb item=\u00a0\u00bb162501&Prime; grid_id=\u00a0\u00bbvc_gid:1765805667719-c9531550-dcfc-5&Prime; filter_source=\u00a0\u00bbcategory\u00a0\u00bb exclude_filter=\u00a0\u00bb6, 6&Prime; el_id=\u00a0\u00bbbasefit_news\u00a0\u00bb taxonomies=\u00a0\u00bb17, 15, 1768, 3899, 9670&Prime;][\/vc_column][\/vc_row]<\/p>\n","protected":false},"author":48,"featured_media":391745,"parent":0,"menu_order":0,"comment_status":"closed","ping_status":"closed","template":"page_nocache.php","meta":{"_acf_changed":false,"footnotes":""},"class_list":["post-161759","page","type-page","status-publish","has-post-thumbnail","hentry"],"acf":[],"_links":{"self":[{"href":"https:\/\/www.puregym.swiss\/fr\/wp-json\/wp\/v2\/pages\/161759","targetHints":{"allow":["GET"]}}],"collection":[{"href":"https:\/\/www.puregym.swiss\/fr\/wp-json\/wp\/v2\/pages"}],"about":[{"href":"https:\/\/www.puregym.swiss\/fr\/wp-json\/wp\/v2\/types\/page"}],"author":[{"embeddable":true,"href":"https:\/\/www.puregym.swiss\/fr\/wp-json\/wp\/v2\/users\/48"}],"replies":[{"embeddable":true,"href":"https:\/\/www.puregym.swiss\/fr\/wp-json\/wp\/v2\/comments?post=161759"}],"version-history":[{"count":3,"href":"https:\/\/www.puregym.swiss\/fr\/wp-json\/wp\/v2\/pages\/161759\/revisions"}],"predecessor-version":[{"id":390284,"href":"https:\/\/www.puregym.swiss\/fr\/wp-json\/wp\/v2\/pages\/161759\/revisions\/390284"}],"wp:featuredmedia":[{"embeddable":true,"href":"https:\/\/www.puregym.swiss\/fr\/wp-json\/wp\/v2\/media\/391745"}],"wp:attachment":[{"href":"https:\/\/www.puregym.swiss\/fr\/wp-json\/wp\/v2\/media?parent=161759"}],"curies":[{"name":"wp","href":"https:\/\/api.w.org\/{rel}","templated":true}]}}