{"id":161774,"date":"2017-09-14T11:09:55","date_gmt":"2017-09-14T09:09:55","guid":{"rendered":"https:\/\/dev.basefit.bitdivision.de\/studio.html"},"modified":"2023-09-27T16:23:22","modified_gmt":"2023-09-27T14:23:22","slug":"studio","status":"publish","type":"page","link":"https:\/\/www.puregym.swiss\/fr\/studio.html","title":{"rendered":"Clubs"},"content":{"rendered":"<p>Etes-vous pr\u00eat \u00e0 devenir membre d\u2019un club de fitness et atteindre tous vos objectifs de remise en forme ? Gr\u00e2ce \u00e0 votre abonnement chez PureGym, vous acc\u00e9dez \u00e0 des appareils modernes et des adh\u00e9sions flexibles \u00e0 des tarifs mensuels attractifs.<br \/>\nChoisissez parmi plus de 40 centres de fitness &#8211; trouvez le club le plus proche de chez vous ci-dessous.<\/p>\n","protected":false},"excerpt":{"rendered":"<p>Etes-vous pr\u00eat \u00e0 devenir membre d\u2019un club de fitness et atteindre tous vos objectifs de remise en forme ? Gr\u00e2ce \u00e0 votre abonnement chez PureGym, vous acc\u00e9dez \u00e0 des appareils modernes et des adh\u00e9sions flexibles \u00e0 des tarifs mensuels attractifs. Choisissez parmi plus de 40 centres de fitness &#8211; trouvez le club le plus proche [&hellip;]<\/p>\n","protected":false},"author":48,"featured_media":0,"parent":0,"menu_order":1,"comment_status":"closed","ping_status":"closed","template":"map.php","meta":{"_acf_changed":false,"footnotes":""},"class_list":["post-161774","page","type-page","status-publish","hentry"],"acf":[],"_links":{"self":[{"href":"https:\/\/www.puregym.swiss\/fr\/wp-json\/wp\/v2\/pages\/161774","targetHints":{"allow":["GET"]}}],"collection":[{"href":"https:\/\/www.puregym.swiss\/fr\/wp-json\/wp\/v2\/pages"}],"about":[{"href":"https:\/\/www.puregym.swiss\/fr\/wp-json\/wp\/v2\/types\/page"}],"author":[{"embeddable":true,"href":"https:\/\/www.puregym.swiss\/fr\/wp-json\/wp\/v2\/users\/48"}],"replies":[{"embeddable":true,"href":"https:\/\/www.puregym.swiss\/fr\/wp-json\/wp\/v2\/comments?post=161774"}],"version-history":[{"count":0,"href":"https:\/\/www.puregym.swiss\/fr\/wp-json\/wp\/v2\/pages\/161774\/revisions"}],"wp:attachment":[{"href":"https:\/\/www.puregym.swiss\/fr\/wp-json\/wp\/v2\/media?parent=161774"}],"curies":[{"name":"wp","href":"https:\/\/api.w.org\/{rel}","templated":true}]}}