{"id":161781,"date":"2017-09-14T17:49:18","date_gmt":"2017-09-14T15:49:18","guid":{"rendered":"https:\/\/dev.basefit.bitdivision.de\/startseite-2.html"},"modified":"2025-09-30T14:46:24","modified_gmt":"2025-09-30T12:46:24","slug":"startseite-2","status":"publish","type":"page","link":"https:\/\/www.puregym.swiss\/fr","title":{"rendered":"Startseite"},"content":{"rendered":"<div class=\"wpb-content-wrapper\"><p>[vc_row full_width=\u00a0\u00bbstretch_row_content_no_spaces\u00a0\u00bb el_class=\u00a0\u00bbfixed\u00a0\u00bb][vc_column]\t\t\t<script src=\"\/\/www.puregym.swiss\/wp-content\/plugins\/revslider\/sr6\/assets\/js\/rbtools.min.js?rev=6.7.11\"><\/script>\n\t\t\t<script src=\"\/\/www.puregym.swiss\/wp-content\/plugins\/revslider\/sr6\/assets\/js\/rs6.min.js?rev=6.7.11\"><\/script>\n\n\t\t\t<!-- START Startseite CHF 10 Juni REVOLUTION SLIDER 6.7.11 --><p class=\"rs-p-wp-fix\"><\/p>\n\t\t\t<rs-module-wrap id=\"rev_slider_156_1_wrapper\" data-source=\"gallery\" style=\"visibility:hidden;background:transparent;padding:0;margin:0px auto;margin-top:0;margin-bottom:0;\">\n\t\t\t\t<rs-module id=\"rev_slider_156_1\" style=\"\" data-version=\"6.7.11\">\n\t\t\t\t\t<rs-slides style=\"overflow: hidden; position: absolute;\">\n\t\t\t\t\t\t<rs-slide style=\"position: absolute;\" data-key=\"rs-1165\" data-title=\"BAU_Sept_FR\" data-duration=\"8370\" data-anim=\"adpr:false;ms:600;\" data-in=\"o:0;\" data-out=\"a:false;\" id=\"slider_1_\">\n\t\t\t\t\t\t\t<img decoding=\"async\" src=\"\/\/www.puregym.swiss\/wp-content\/plugins\/revslider\/sr6\/assets\/assets\/dummy.png\" alt=\"\" title=\"220912_BAU_Header_sept_desktop\" width=\"1900\" height=\"861\" class=\"rev-slidebg tp-rs-img rs-lazyload\" data-lazyload=\"\/\/puregym.swiss\/wp-content\/uploads\/2022\/09\/220912_BAU_Header_sept_desktop.jpg\" data-no-retina>\n<!--\n\t\t\t\t\t\t\t--><rs-layer\n\t\t\t\t\t\t\t\tid=\"slider-156-slide-1165-layer-1\" \n\t\t\t\t\t\t\t\tclass=\"rs-selectable\"\n\t\t\t\t\t\t\t\tdata-type=\"image\"\n\t\t\t\t\t\t\t\tdata-rsp_ch=\"on\"\n\t\t\t\t\t\t\t\tdata-xy=\"xo:49px,40px,-61px,-22px;yo:50px,41px,-3px,-6px;\"\n\t\t\t\t\t\t\t\tdata-text=\"w:normal;s:20,16,12,7;l:0,20,15,9;\"\n\t\t\t\t\t\t\t\tdata-dim=\"w:1200px,1073px,857px,575px;h:1200px,778px,987px,662px;\"\n\t\t\t\t\t\t\t\tdata-vbility=\"f,f,t,t\"\n\t\t\t\t\t\t\t\tdata-frame_999=\"o:0;st:w;\"\n\t\t\t\t\t\t\t\tstyle=\"z-index:8;\"\n\t\t\t\t\t\t\t><img decoding=\"async\" src=\"\/\/www.puregym.swiss\/wp-content\/plugins\/revslider\/sr6\/assets\/assets\/dummy.png\" alt=\"\" class=\"tp-rs-img rs-lazyload\" data-lazyload=\"\/\/puregym.swiss\/wp-content\/uploads\/2022\/09\/220907_BAU-header_mobil.jpg\" data-no-retina> \n\t\t\t\t\t\t\t<\/rs-layer><!--\n\n\t\t\t\t\t\t\t--><rs-layer\n\t\t\t\t\t\t\t\tid=\"slider-156-slide-1165-layer-7\" \n\t\t\t\t\t\t\t\tclass=\"rs-selectable\"\n\t\t\t\t\t\t\t\tdata-type=\"image\"\n\t\t\t\t\t\t\t\tdata-rsp_ch=\"on\"\n\t\t\t\t\t\t\t\tdata-xy=\"xo:963px,799px,607px,374px;yo:353px,307px,233px,143px;\"\n\t\t\t\t\t\t\t\tdata-text=\"w:normal;s:20,16,12,7;l:0,20,15,9;\"\n\t\t\t\t\t\t\t\tdata-dim=\"w:285px,216px,164px,101px;h:177px,134px,101px,62px;\"\n\t\t\t\t\t\t\t\tdata-vbility=\"t,t,f,f\"\n\t\t\t\t\t\t\t\tdata-frame_999=\"o:0;st:w;\"\n\t\t\t\t\t\t\t\tstyle=\"z-index:12;\"\n\t\t\t\t\t\t\t><img decoding=\"async\" src=\"\/\/www.puregym.swiss\/wp-content\/plugins\/revslider\/sr6\/assets\/assets\/dummy.png\" alt=\"\" class=\"tp-rs-img rs-lazyload\" data-lazyload=\"\/\/puregym.swiss\/wp-content\/uploads\/2022\/09\/ffe_slogan.png\" data-no-retina> \n\t\t\t\t\t\t\t<\/rs-layer><!--\n\n\t\t\t\t\t\t\t--><rs-layer\n\t\t\t\t\t\t\t\tid=\"slider-156-slide-1165-layer-10\" \n\t\t\t\t\t\t\t\tclass=\"rs-selectable\"\n\t\t\t\t\t\t\t\tdata-type=\"image\"\n\t\t\t\t\t\t\t\tdata-rsp_ch=\"on\"\n\t\t\t\t\t\t\t\tdata-xy=\"xo:50px,41px,341px,185px;yo:50px,41px,-218px,-168px;\"\n\t\t\t\t\t\t\t\tdata-text=\"w:normal;s:20,16,12,7;l:0,20,15,9;\"\n\t\t\t\t\t\t\t\tdata-dim=\"w:300px,247px,378px,258px;h:180px,148px,867px,591px;\"\n\t\t\t\t\t\t\t\tdata-vbility=\"f,f,t,t\"\n\t\t\t\t\t\t\t\tdata-frame_999=\"o:0;st:w;\"\n\t\t\t\t\t\t\t\tstyle=\"z-index:14;\"\n\t\t\t\t\t\t\t><img decoding=\"async\" src=\"\/\/www.puregym.swiss\/wp-content\/plugins\/revslider\/sr6\/assets\/assets\/dummy.png\" alt=\"\" class=\"tp-rs-img rs-lazyload\" data-lazyload=\"\/\/puregym.swiss\/wp-content\/uploads\/2022\/09\/BAU_stoerer_sept_mobil_FR-1.png\" data-no-retina> \n\t\t\t\t\t\t\t<\/rs-layer><!--\n\n\t\t\t\t\t\t\t--><rs-layer\n\t\t\t\t\t\t\t\tid=\"slider-156-slide-1165-layer-115\" \n\t\t\t\t\t\t\t\tclass=\"rs-selectable\"\n\t\t\t\t\t\t\t\tdata-type=\"image\"\n\t\t\t\t\t\t\t\tdata-rsp_ch=\"on\"\n\t\t\t\t\t\t\t\tdata-xy=\"x:c;xo:118px,113px,185px,97px;y:m;yo:-23px,-2px,-148px,-74px;\"\n\t\t\t\t\t\t\t\tdata-text=\"l:22;a:inherit;\"\n\t\t\t\t\t\t\t\tdata-dim=\"w:378px,281px,399px,247px;h:501px,372px,409px,246px;\"\n\t\t\t\t\t\t\t\tdata-vbility=\"t,t,f,f\"\n\t\t\t\t\t\t\t\tdata-frame_1=\"sR:10;\"\n\t\t\t\t\t\t\t\tdata-frame_999=\"o:0;st:w;sR:8060;\"\n\t\t\t\t\t\t\t\tstyle=\"z-index:9;\"\n\t\t\t\t\t\t\t><img decoding=\"async\" src=\"\/\/www.puregym.swiss\/wp-content\/plugins\/revslider\/sr6\/assets\/assets\/dummy.png\" alt=\"\" class=\"tp-rs-img rs-lazyload\" data-lazyload=\"\/\/puregym.swiss\/wp-content\/uploads\/2022\/09\/BAU_stoerer_sept_FR.png\" data-no-retina> \n\t\t\t\t\t\t\t<\/rs-layer><!--\n\n\t\t\t\t\t\t\t--><a\n\t\t\t\t\t\t\t\tid=\"slider-156-slide-1165-layer-117\" \n\t\t\t\t\t\t\t\tclass=\"rs-layer rs-selectable\"\n\t\t\t\t\t\t\t\thref=\"\/fr\/sinscrire-maintenant.html\" target=\"_self\" rel=\"nofollow\"\n\t\t\t\t\t\t\t\tdata-type=\"image\"\n\t\t\t\t\t\t\t\tdata-rsp_ch=\"on\"\n\t\t\t\t\t\t\t\tdata-xy=\"x:c;xo:472px,388px,138px,70px;yo:523px,431px,693px,446px;\"\n\t\t\t\t\t\t\t\tdata-text=\"w:normal;s:20,16,12,7;l:0,20,15,9;\"\n\t\t\t\t\t\t\t\tdata-dim=\"w:230px,188px,271px,216px;h:50px,41px,59px,47px;\"\n\t\t\t\t\t\t\t\tdata-frame_999=\"o:0;st:w;\"\n\t\t\t\t\t\t\t\tstyle=\"z-index:11;\"\n\t\t\t\t\t\t\t><img decoding=\"async\" src=\"\/\/www.puregym.swiss\/wp-content\/plugins\/revslider\/sr6\/assets\/assets\/dummy.png\" alt=\"\" class=\"tp-rs-img rs-lazyload\" data-lazyload=\"\/\/puregym.swiss\/wp-content\/uploads\/2021\/12\/Button_FR.png\" data-no-retina> \n\t\t\t\t\t\t\t<\/a><!--\n-->\t\t\t\t\t<\/rs-slide>\n\t\t\t\t\t<\/rs-slides>\n\t\t\t\t<\/rs-module>\n\t\t\t\t<script>\n\t\t\t\t\tsetREVStartSize({c: 'rev_slider_156_1',rl:[1240,1024,778,480],el:[950,768,960,560],gw:[1240,1024,778,480],gh:[950,768,960,560],type:'standard',justify:'',layout:'fullwidth',mh:\"0\"});if (window.RS_MODULES!==undefined && window.RS_MODULES.modules!==undefined && window.RS_MODULES.modules[\"revslider1561\"]!==undefined) {window.RS_MODULES.modules[\"revslider1561\"].once = false;window.revapi156 = undefined;if (window.RS_MODULES.checkMinimal!==undefined) window.RS_MODULES.checkMinimal()}\n\t\t\t\t<\/script>\n\t\t\t<\/rs-module-wrap>\n\t\t\t<!-- END REVOLUTION SLIDER -->\n[\/vc_column][\/vc_row][vc_row full_width=\u00a0\u00bbstretch_row_content_no_spaces\u00a0\u00bb disable_element=\u00a0\u00bbyes\u00a0\u00bb css=\u00a0\u00bb.vc_custom_1634288526626{padding-top: 5px !important;padding-bottom: 5px !important;background-color: #005257 !important;}\u00a0\u00bb][vc_column css=\u00a0\u00bb.vc_custom_1634286109441{margin-top: -10px !important;margin-left: 550px !important;}\u00a0\u00bb][vc_column_text css=\u00a0\u00bb.vc_custom_1634285938715{padding-left: -200px !important;background-color: #005257 !important;}\u00a0\u00bb]<\/p>\n<div>\n<h4 style=\"text-align: left;\"><span style=\"color: #ffffff;\">Jetzt das unschlagbare Angebot sichern. Keine Bindung. Volle Flexibilit\u00e4t.\u00a0 \u00a0<\/span><a class=\"btn first\" href=\"\/jetzt-anmelden.html\">Jetzt anmelden<\/a><\/h4>\n<\/div>\n<p>[\/vc_column_text][\/vc_column][\/vc_row][vc_row full_width=\u00a0\u00bbstretch_row_content_no_spaces\u00a0\u00bb el_class=\u00a0\u00bboverflowVisible\u00a0\u00bb css=\u00a0\u00bb.vc_custom_1631703424692{background-image: url(https:\/\/puregym.swiss\/wp-content\/uploads\/2021\/09\/map.png?id=204584) !important;background-position: center !important;background-repeat: no-repeat !important;background-size: cover !important;}\u00a0\u00bb][vc_column][vc_raw_html]JTNDZGl2JTIwaWQlM0QlMjJhbmltYXRlZEJHJTIyJTNFJTBBJTNDZGl2JTIwaWQlM0QlMjJsYXllcm1hcCUyMiUyMHN0eWxlJTNEJTIyJTBBJTIwJTIwJTIwJTIwYmFja2dyb3VuZC1zaXplJTNBJTIwY292ZXIlM0IlMEElMjAlMjAlMjAlMjBiYWNrZ3JvdW5kJTNBJTIwbm9uZSUzQiUwQSUyMCUyMCUyMCUyMHBhZGRpbmclM0ElMjA1MHB4JTNCJTBBJTIyJTNFJTBBJTIwJTIwJTIwJTIwJTIwJTIwJTIwJTIwJTNDZGl2JTIwaWQlM0QlMjJtYXBzZWFyY2glMjIlMjBjbGFzcyUzRCUyMnNpemV1cCUyMiUyMHN0eWxlJTNEJTIydG9wJTNBJTIwNDVweCUzQiUyMGhlaWdodCUzQSUyMGF1dG8lM0IlMjBib3JkZXIlM0ElMjAxcHglMjBzb2xpZCUyMCUyM2UxZTFlMTdhJTNCJTIyJTNFJTBBJTIwJTIwJTIwJTIwJTIwJTIwJTIwJTIwJTIwJTIwJTIwJTIwJTNDYSUyMGhyZWYlM0QlMjIlMjMlMjIlMjBjbGFzcyUzRCUyMmNsb3NlRGlhbG9nJTIyJTNFJTNDJTJGYSUzRSUwQSUzQ2RpdiUyMGlkJTNEJTIyc2VhcmNocmVzdWx0JTIyJTNFJTBBJTNDZGl2JTIwY2xhc3MlM0QlMjJzY3JvbGxiYXItaW5uZXIlMjIlM0UlM0MlMkZkaXYlM0UlMEElM0MlMkZkaXYlM0UlMEElMjAlMjAlMjAlMjAlMjAlMjAlMjAlMjAlMjAlMjAlMjAlMjAlM0Nmb3JtJTIwbWV0aG9kJTNEJTIycG9zdCUyMiUyMGFjdGlvbiUzRCUyMiUyRmZyJTJGc3R1ZGlvLmh0bWwlMjIlMjBfbHBjaGVja2VkJTNEJTIyMSUyMiUzRSUwQSUyMCUyMCUyMCUyMCUyMCUyMCUyMCUyMCUyMCUyMCUyMCUyMCUyMCUyMCUyMCUyMCUzQ2RpdiUyMGNsYXNzJTNEJTIyaW5wdXRjb250YWluZXIlMjIlM0UlMEElMjAlMjAlMjAlMjAlMjAlMjAlMjAlMjAlMjAlMjAlMjAlMjAlMjAlMjAlMjAlMjAlMjAlMjAlMjAlMjAlM0NpbnB1dCUyMG5hbWUlM0QlMjJjbHVic2VhcmNoJTIyJTIwdHlwZSUzRCUyMnRleHQlMjIlMjBwbGFjZWhvbGRlciUzRCUyMlRyb3V2ZXIlMjB1biUyMGNsdWIlMjIlMjBkYXRhLXNyYyUzRCUyMiUyRndwLWFkbWluJTJGYWRtaW4tYWpheC5waHAlM0ZhY3Rpb24lM0RtYXBkYXRhJTI2YW1wJTNCZm5jJTNEc2VhcmNoU3R1ZGlvcyUyNmFtcCUzQmxhbmclM0RkZSUyMiUyMGF1dG9jb21wbGV0ZSUzRCUyMm9mZiUyMiUzRSUwQSUyMCUyMCUyMCUyMCUyMCUyMCUyMCUyMCUyMCUyMCUyMCUyMCUyMCUyMCUyMCUyMCUyMCUyMCUyMCUyMCUzQ2J1dHRvbiUyMGlkJTNEJTIyc2VhcmNoJTIyJTNFJTNDJTJGYnV0dG9uJTNFJTBBJTBBJTBBJTIwJTIwJTIwJTIwJTIwJTIwJTIwJTIwJTIwJTIwJTIwJTIwJTIwJTIwJTIwJTIwJTNDYSUyMGhyZWYlM0QlMjIlMkZzdHVkaW8uaHRtbCUyMiUyMGlkJTNEJTIyc2hvd0FsbCUyMiUzRUFsbGUlMjBTdGFuZG9ydGUlM0MlMkZhJTNFJTBBJTIwJTIwJTIwJTIwJTIwJTIwJTIwJTIwJTIwJTIwJTIwJTIwJTIwJTIwJTIwJTIwJTBBJTIwJTIwJTIwJTIwJTIwJTIwJTIwJTIwJTIwJTIwJTIwJTIwJTIwJTIwJTIwJTIwJTNDJTJGZGl2JTNFJTBBJTIwJTIwJTIwJTIwJTIwJTIwJTIwJTIwJTIwJTIwJTIwJTIwJTNDJTJGZm9ybSUzRSUwQSUyMCUyMCUyMCUyMCUyMCUyMCUyMCUyMCUzQyUyRmRpdiUzRSUwQSUyMCUyMCUyMCUyMCUzQyUyRmRpdiUzRSUwQSUzQyUyRmRpdiUzRQ==[\/vc_raw_html][\/vc_column][\/vc_row][vc_row][vc_column][vc_column_text el_class=\u00a0\u00bbheadline\u00a0\u00bb]<\/p>\n<h1 style=\"text-align: center;\">PureGym<\/h1>\n<h3 class=\"sub-headline\" style=\"text-align: center;\">Fitness for Everybody<\/h3>\n<p>[\/vc_column_text][\/vc_column][\/vc_row][vc_row full_width=\u00a0\u00bbstretch_row_content_no_spaces\u00a0\u00bb el_class=\u00a0\u00bbshowOverflow\u00a0\u00bb][vc_column]<div class=\"row home_news\"><div class=\"col-sm-6 col-md-3\"><a href=\"https:\/\/www.puregym.swiss\/fr\/blog\/live-auslastung\"><img decoding=\"async\" width=\"640\" height=\"390\"  loading=\"lazy\" pollos=\"chollos\" src=\"\/wp-content\/uploads\/2026\/03\/App-FR.jpg\" title=\"Taux de remplissage en direct des clubs\" alt=\"Taux de remplissage en direct des clubs\"><\/a><\/div><\/div>[\/vc_column][\/vc_row][vc_row][vc_column][vc_column_text el_class=\u00a0\u00bbheadline\u00a0\u00bb]<\/p>\n<h2 style=\"text-align: center;\">Fitness On-Demand<\/h2>\n<h3 class=\"sub-headline\" style=\"text-align: center;\">Gratuit pour les membres Core et Premium<\/h3>\n<p>[\/vc_column_text][\/vc_column][\/vc_row][vc_row equal_height=\u00a0\u00bbyes\u00a0\u00bb el_class=\u00a0\u00bbhalfbox\u00a0\u00bb][vc_column width=\u00a0\u00bb1\/2&Prime; css=\u00a0\u00bb.vc_custom_1610451152497{background-image: url(https:\/\/puregym.swiss\/wp-content\/uploads\/2021\/01\/3_groupfitness_onDemand_shutterstock_1497543632_zugeschnitten_FR.jpg?id=197297) !important;background-position: center !important;background-repeat: no-repeat !important;background-size: cover !important;}\u00a0\u00bb][vc_empty_space height=\u00a0\u00bb250px\u00a0\u00bb][\/vc_column][vc_column width=\u00a0\u00bb1\/2&Prime; el_class=\u00a0\u00bbbox\u00a0\u00bb][vc_row_inner][vc_column_inner][vc_column_text el_class=\u00a0\u00bbheadline\u00a0\u00bb]<\/p>\n<h2>Fitness On-Demand<\/h2>\n<p>[\/vc_column_text][vc_column_text]Avec PureGym profite d\u2019un entra\u00eenement chez toi, dans ton salon. Les meilleurs entra\u00eeneurs au monde garantissent un maximum de fun, d\u2019action et de divertissement. Fais l\u2019exp\u00e9rience d\u2019un v\u00e9ritable sentiment d\u2019appartenance \u00e0 un groupe et d\u2019entra\u00eenements \u2013 depuis le confort de chez toi!<\/p>\n<p class=\"p1\">La vaste gamme de cours de Fitness On-Demand est disponible gratuitement pour les membres Core et Premium.<\/p>\n<p><a class=\"btn first\" href=\"\/fr\/gratis-gf-on-demand.html\">En savoir plus<\/a>[\/vc_column_text][\/vc_column_inner][\/vc_row_inner][\/vc_column][vc_column][\/vc_column][\/vc_row][vc_row][vc_column][vc_empty_space height=\u00a0\u00bb100px\u00a0\u00bb][\/vc_column][\/vc_row][vc_row full_width=\u00a0\u00bbstretch_row_content_no_spaces\u00a0\u00bb el_class=\u00a0\u00bboverflowVisible\u00a0\u00bb][vc_column][vc_column_text]<\/p>\n<h1 style=\"text-align: center; font-style: italic; color: #00999d;\">UNE OFFRE RICHE ET VARI\u00c9E<\/h1>\n<h3 class=\"sub-headline\" style=\"text-align: center;\">Tu peux choisir librement<\/h3>\n<p>[\/vc_column_text][\/vc_column][\/vc_row][vc_row css=\u00a0\u00bb.vc_custom_1636974573164{margin-top: 30px !important;}\u00a0\u00bb][vc_column el_class=\u00a0\u00bbimage_grid\u00a0\u00bb][vc_single_image image=\u00a0\u00bb206733&Prime; img_size=\u00a0\u00bbfull\u00a0\u00bb alignment=\u00a0\u00bbcenter\u00a0\u00bb][vc_single_image image=\u00a0\u00bb206718&Prime; img_size=\u00a0\u00bbfull\u00a0\u00bb alignment=\u00a0\u00bbcenter\u00a0\u00bb][vc_single_image image=\u00a0\u00bb206722&Prime; img_size=\u00a0\u00bbfull\u00a0\u00bb alignment=\u00a0\u00bbcenter\u00a0\u00bb][vc_single_image image=\u00a0\u00bb206710&Prime; img_size=\u00a0\u00bbfull\u00a0\u00bb alignment=\u00a0\u00bbcenter\u00a0\u00bb][vc_single_image image=\u00a0\u00bb206714&Prime; img_size=\u00a0\u00bbfull\u00a0\u00bb alignment=\u00a0\u00bbcenter\u00a0\u00bb][vc_single_image image=\u00a0\u00bb206726&Prime; img_size=\u00a0\u00bbfull\u00a0\u00bb alignment=\u00a0\u00bbcenter\u00a0\u00bb][\/vc_column][\/vc_row][vc_row][vc_column][vc_column_text css=\u00a0\u00bb.vc_custom_1759236376023{margin-top: 30px !important;}\u00a0\u00bb]<\/p>\n<p style=\"text-align: center;\"><a class=\"btn btn-warning\" href=\"\/fr\/training.html\">Tes entra\u00eenments<\/a><\/p>\n<p>[\/vc_column_text][\/vc_column][\/vc_row][vc_row][vc_column][vc_empty_space height=\u00a0\u00bb100px\u00a0\u00bb][\/vc_column][\/vc_row][vc_row equal_height=\u00a0\u00bbyes\u00a0\u00bb][vc_column width=\u00a0\u00bb1\/2&Prime;][vc_row_inner equal_height=\u00a0\u00bbyes\u00a0\u00bb el_class=\u00a0\u00bbbox_2_headline reverse\u00a0\u00bb][vc_column_inner width=\u00a0\u00bb7\/12&Prime;][vc_column_text]<\/p>\n<h2 style=\"text-align: left; font-style: italic;\">LIVE GROUP FITNESS<\/h2>\n<p>Aimez-vous transpirer ensemble et sortez-vous vraiment de vous-m\u00eame dans la dynamique du groupe? Alors, jetez un coup d\u2019\u0153il \u00e0 notre grande offre de fitness en groupe en direct ci-dessous. Nous vous proposons des cours quotidiens vari\u00e9s et intensifs avec de vrais formateurs dans nos clubs.<\/p>\n<p><a href=\"\/fr\/live-groupfitness.html\">En savoir plus<\/a>[\/vc_column_text][\/vc_column_inner][vc_column_inner width=\u00a0\u00bb5\/12&Prime; css=\u00a0\u00bb.vc_custom_1634288266814{background-image: url(https:\/\/puregym.swiss\/wp-content\/uploads\/2021\/10\/KETTLE-BELL-8789-Grade-5.jpg?id=207670) !important;background-position: center !important;background-repeat: no-repeat !important;background-size: cover !important;}\u00a0\u00bb][vc_empty_space height=\u00a0\u00bb240px\u00a0\u00bb][\/vc_column_inner][\/vc_row_inner][\/vc_column][vc_column width=\u00a0\u00bb1\/2&Prime;][vc_row_inner equal_height=\u00a0\u00bbyes\u00a0\u00bb el_class=\u00a0\u00bbbox_2_headline reverse\u00a0\u00bb][vc_column_inner width=\u00a0\u00bb7\/12&Prime;][vc_column_text]<\/p>\n<h2 style=\"text-align: left; font-style: italic;\">S\u00c9ANCE D&rsquo;ESSAI<\/h2>\n<p>\u00c0 tout moment, vous peux tester gratuitement nos offres dans notre centre fitness et convenir d\u2019un entra\u00eenement d\u2019essai d\u00e8s aujourd\u2019hui. Conviens d\u2019un rendez-vous avec nos entra\u00eeneurs ou d\u00e9couvre notre univers de fitness comme bon te semble. Bien s\u00fbr, tu peux emmener tes amis \u00e0 l\u2019entra\u00eenement d\u2019essai.<\/p>\n<p><a href=\"\/fr\/seance-dessai.html#step4\">En savoir plus<\/a>[\/vc_column_text][\/vc_column_inner][vc_column_inner width=\u00a0\u00bb5\/12&Prime; css=\u00a0\u00bb.vc_custom_1634288339496{background-image: url(https:\/\/puregym.swiss\/wp-content\/uploads\/2021\/10\/LBT-BTB-PUMP-3660-Grade-5.jpg?id=207674) !important;background-position: center !important;background-repeat: no-repeat !important;background-size: cover !important;}\u00a0\u00bb][vc_empty_space height=\u00a0\u00bb240px\u00a0\u00bb][\/vc_column_inner][\/vc_row_inner][\/vc_column][\/vc_row]<\/p>\n<\/div>","protected":false},"excerpt":{"rendered":"<p>[vc_row full_width=\u00a0\u00bbstretch_row_content_no_spaces\u00a0\u00bb el_class=\u00a0\u00bbfixed\u00a0\u00bb][vc_column][\/vc_column][\/vc_row][vc_row full_width=\u00a0\u00bbstretch_row_content_no_spaces\u00a0\u00bb disable_element=\u00a0\u00bbyes\u00a0\u00bb css=\u00a0\u00bb.vc_custom_1634288526626{padding-top: 5px !important;padding-bottom: 5px !important;background-color: #005257 !important;}\u00a0\u00bb][vc_column css=\u00a0\u00bb.vc_custom_1634286109441{margin-top: -10px !important;margin-left: 550px !important;}\u00a0\u00bb][vc_column_text css=\u00a0\u00bb.vc_custom_1634285938715{padding-left: -200px !important;background-color: #005257 !important;}\u00a0\u00bb] Jetzt das unschlagbare Angebot sichern. Keine Bindung. Volle Flexibilit\u00e4t.\u00a0 \u00a0Jetzt anmelden [\/vc_column_text][\/vc_column][\/vc_row][vc_row full_width=\u00a0\u00bbstretch_row_content_no_spaces\u00a0\u00bb el_class=\u00a0\u00bboverflowVisible\u00a0\u00bb css=\u00a0\u00bb.vc_custom_1631703424692{background-image: url(https:\/\/puregym.swiss\/wp-content\/uploads\/2021\/09\/map.png?id=204584) !important;background-position: center !important;background-repeat: no-repeat !important;background-size: cover !important;}\u00a0\u00bb][vc_column][vc_raw_html]JTNDZGl2JTIwaWQlM0QlMjJhbmltYXRlZEJHJTIyJTNFJTBBJTNDZGl2JTIwaWQlM0QlMjJsYXllcm1hcCUyMiUyMHN0eWxlJTNEJTIyJTBBJTIwJTIwJTIwJTIwYmFja2dyb3VuZC1zaXplJTNBJTIwY292ZXIlM0IlMEElMjAlMjAlMjAlMjBiYWNrZ3JvdW5kJTNBJTIwbm9uZSUzQiUwQSUyMCUyMCUyMCUyMHBhZGRpbmclM0ElMjA1MHB4JTNCJTBBJTIyJTNFJTBBJTIwJTIwJTIwJTIwJTIwJTIwJTIwJTIwJTNDZGl2JTIwaWQlM0QlMjJtYXBzZWFyY2glMjIlMjBjbGFzcyUzRCUyMnNpemV1cCUyMiUyMHN0eWxlJTNEJTIydG9wJTNBJTIwNDVweCUzQiUyMGhlaWdodCUzQSUyMGF1dG8lM0IlMjBib3JkZXIlM0ElMjAxcHglMjBzb2xpZCUyMCUyM2UxZTFlMTdhJTNCJTIyJTNFJTBBJTIwJTIwJTIwJTIwJTIwJTIwJTIwJTIwJTIwJTIwJTIwJTIwJTNDYSUyMGhyZWYlM0QlMjIlMjMlMjIlMjBjbGFzcyUzRCUyMmNsb3NlRGlhbG9nJTIyJTNFJTNDJTJGYSUzRSUwQSUzQ2RpdiUyMGlkJTNEJTIyc2VhcmNocmVzdWx0JTIyJTNFJTBBJTNDZGl2JTIwY2xhc3MlM0QlMjJzY3JvbGxiYXItaW5uZXIlMjIlM0UlM0MlMkZkaXYlM0UlMEElM0MlMkZkaXYlM0UlMEElMjAlMjAlMjAlMjAlMjAlMjAlMjAlMjAlMjAlMjAlMjAlMjAlM0Nmb3JtJTIwbWV0aG9kJTNEJTIycG9zdCUyMiUyMGFjdGlvbiUzRCUyMiUyRmZyJTJGc3R1ZGlvLmh0bWwlMjIlMjBfbHBjaGVja2VkJTNEJTIyMSUyMiUzRSUwQSUyMCUyMCUyMCUyMCUyMCUyMCUyMCUyMCUyMCUyMCUyMCUyMCUyMCUyMCUyMCUyMCUzQ2RpdiUyMGNsYXNzJTNEJTIyaW5wdXRjb250YWluZXIlMjIlM0UlMEElMjAlMjAlMjAlMjAlMjAlMjAlMjAlMjAlMjAlMjAlMjAlMjAlMjAlMjAlMjAlMjAlMjAlMjAlMjAlMjAlM0NpbnB1dCUyMG5hbWUlM0QlMjJjbHVic2VhcmNoJTIyJTIwdHlwZSUzRCUyMnRleHQlMjIlMjBwbGFjZWhvbGRlciUzRCUyMlRyb3V2ZXIlMjB1biUyMGNsdWIlMjIlMjBkYXRhLXNyYyUzRCUyMiUyRndwLWFkbWluJTJGYWRtaW4tYWpheC5waHAlM0ZhY3Rpb24lM0RtYXBkYXRhJTI2YW1wJTNCZm5jJTNEc2VhcmNoU3R1ZGlvcyUyNmFtcCUzQmxhbmclM0RkZSUyMiUyMGF1dG9jb21wbGV0ZSUzRCUyMm9mZiUyMiUzRSUwQSUyMCUyMCUyMCUyMCUyMCUyMCUyMCUyMCUyMCUyMCUyMCUyMCUyMCUyMCUyMCUyMCUyMCUyMCUyMCUyMCUzQ2J1dHRvbiUyMGlkJTNEJTIyc2VhcmNoJTIyJTNFJTNDJTJGYnV0dG9uJTNFJTBBJTBBJTBBJTIwJTIwJTIwJTIwJTIwJTIwJTIwJTIwJTIwJTIwJTIwJTIwJTIwJTIwJTIwJTIwJTNDYSUyMGhyZWYlM0QlMjIlMkZzdHVkaW8uaHRtbCUyMiUyMGlkJTNEJTIyc2hvd0FsbCUyMiUzRUFsbGUlMjBTdGFuZG9ydGUlM0MlMkZhJTNFJTBBJTIwJTIwJTIwJTIwJTIwJTIwJTIwJTIwJTIwJTIwJTIwJTIwJTIwJTIwJTIwJTIwJTBBJTIwJTIwJTIwJTIwJTIwJTIwJTIwJTIwJTIwJTIwJTIwJTIwJTIwJTIwJTIwJTIwJTNDJTJGZGl2JTNFJTBBJTIwJTIwJTIwJTIwJTIwJTIwJTIwJTIwJTIwJTIwJTIwJTIwJTNDJTJGZm9ybSUzRSUwQSUyMCUyMCUyMCUyMCUyMCUyMCUyMCUyMCUzQyUyRmRpdiUzRSUwQSUyMCUyMCUyMCUyMCUzQyUyRmRpdiUzRSUwQSUzQyUyRmRpdiUzRQ==[\/vc_raw_html][\/vc_column][\/vc_row][vc_row][vc_column][vc_column_text el_class=\u00a0\u00bbheadline\u00a0\u00bb] PureGym Fitness for Everybody [\/vc_column_text][\/vc_column][\/vc_row][vc_row full_width=\u00a0\u00bbstretch_row_content_no_spaces\u00a0\u00bb el_class=\u00a0\u00bbshowOverflow\u00a0\u00bb][vc_column][\/vc_column][\/vc_row][vc_row][vc_column][vc_column_text el_class=\u00a0\u00bbheadline\u00a0\u00bb] Fitness [&hellip;]<\/p>\n","protected":false},"author":48,"featured_media":0,"parent":0,"menu_order":1,"comment_status":"closed","ping_status":"closed","template":"templates\/home-page.php","meta":{"_acf_changed":false,"footnotes":""},"class_list":["post-161781","page","type-page","status-publish","hentry"],"acf":[],"_links":{"self":[{"href":"https:\/\/www.puregym.swiss\/fr\/wp-json\/wp\/v2\/pages\/161781","targetHints":{"allow":["GET"]}}],"collection":[{"href":"https:\/\/www.puregym.swiss\/fr\/wp-json\/wp\/v2\/pages"}],"about":[{"href":"https:\/\/www.puregym.swiss\/fr\/wp-json\/wp\/v2\/types\/page"}],"author":[{"embeddable":true,"href":"https:\/\/www.puregym.swiss\/fr\/wp-json\/wp\/v2\/users\/48"}],"replies":[{"embeddable":true,"href":"https:\/\/www.puregym.swiss\/fr\/wp-json\/wp\/v2\/comments?post=161781"}],"version-history":[{"count":3,"href":"https:\/\/www.puregym.swiss\/fr\/wp-json\/wp\/v2\/pages\/161781\/revisions"}],"predecessor-version":[{"id":388962,"href":"https:\/\/www.puregym.swiss\/fr\/wp-json\/wp\/v2\/pages\/161781\/revisions\/388962"}],"wp:attachment":[{"href":"https:\/\/www.puregym.swiss\/fr\/wp-json\/wp\/v2\/media?parent=161781"}],"curies":[{"name":"wp","href":"https:\/\/api.w.org\/{rel}","templated":true}]}}