{"id":244866,"date":"2022-09-20T10:08:56","date_gmt":"2022-09-20T08:08:56","guid":{"rendered":"https:\/\/puregym.swiss\/?page_id=244866"},"modified":"2025-12-15T09:38:07","modified_gmt":"2025-12-15T08:38:07","slug":"heures-de-presence","status":"publish","type":"page","link":"https:\/\/www.puregym.swiss\/fr\/heures-de-presence.html","title":{"rendered":"Heures de pr\u00e9sence du personnel\u00a0"},"content":{"rendered":"<div class=\"wpb-content-wrapper\"><p>[vc_row full_width=\u00a0\u00bbstretch_row_content_no_spaces\u00a0\u00bb][vc_column]\n\t\t\t<!-- START Betreute Zeiten REVOLUTION SLIDER 6.7.11 --><p class=\"rs-p-wp-fix\"><\/p>\n\t\t\t<rs-module-wrap id=\"rev_slider_236_1_wrapper\" data-source=\"gallery\" style=\"visibility:hidden;background:transparent;padding:0;margin:0px auto;margin-top:0;margin-bottom:0;\">\n\t\t\t\t<rs-module id=\"rev_slider_236_1\" style=\"\" data-version=\"6.7.11\">\n\t\t\t\t\t<rs-slides style=\"overflow: hidden; position: absolute;\">\n\t\t\t\t\t\t<rs-slide style=\"position: absolute;\" data-key=\"rs-1942\" data-title=\"Slide\" data-duration=\"8370\" data-anim=\"adpr:false;ms:600;\" data-in=\"o:0;\" data-out=\"a:false;\" id=\"slider_1_\">\n\t\t\t\t\t\t\t<img decoding=\"async\" src=\"\/\/www.puregym.swiss\/wp-content\/plugins\/revslider\/sr6\/assets\/assets\/dummy.png\" alt=\"\" title=\"Stowmarket202107_043_RGB_LP\" width=\"1900\" height=\"861\" class=\"rev-slidebg tp-rs-img rs-lazyload\" data-lazyload=\"\/\/puregym.swiss\/wp-content\/uploads\/2022\/09\/Stowmarket202107_043_RGB_LP.jpg\" data-no-retina>\n<!--\n\t\t\t\t\t\t\t--><rs-layer\n\t\t\t\t\t\t\t\tid=\"slider-236-slide-1942-layer-5\" \n\t\t\t\t\t\t\t\tclass=\"rs-selectable\"\n\t\t\t\t\t\t\t\tdata-type=\"image\"\n\t\t\t\t\t\t\t\tdata-rsp_ch=\"on\"\n\t\t\t\t\t\t\t\tdata-xy=\"x:c;y:m;\"\n\t\t\t\t\t\t\t\tdata-text=\"w:normal;s:20,16,12,7;l:0,20,15,9;\"\n\t\t\t\t\t\t\t\tdata-dim=\"w:663px,547px,539px,484px;h:663px,547px,539px,484px;\"\n\t\t\t\t\t\t\t\tdata-frame_999=\"o:0;st:w;\"\n\t\t\t\t\t\t\t\tstyle=\"z-index:9;\"\n\t\t\t\t\t\t\t><img decoding=\"async\" src=\"\/\/www.puregym.swiss\/wp-content\/plugins\/revslider\/sr6\/assets\/assets\/dummy.png\" alt=\"\" class=\"tp-rs-img rs-lazyload\" width=\"1200\" height=\"1200\" data-lazyload=\"\/\/puregym.swiss\/wp-content\/uploads\/2024\/02\/Head_betreuteZeiten_FR-2.png\" data-no-retina> \n\t\t\t\t\t\t\t<\/rs-layer><!--\n-->\t\t\t\t\t<\/rs-slide>\n\t\t\t\t\t<\/rs-slides>\n\t\t\t\t<\/rs-module>\n\t\t\t\t<script>\n\t\t\t\t\tsetREVStartSize({c: 'rev_slider_236_1',rl:[1240,1024,778,480],el:[400,400,400,400],gw:[1240,1024,778,480],gh:[400,400,400,400],type:'standard',justify:'',layout:'fullwidth',mh:\"0\"});if (window.RS_MODULES!==undefined && window.RS_MODULES.modules!==undefined && window.RS_MODULES.modules[\"revslider2361\"]!==undefined) {window.RS_MODULES.modules[\"revslider2361\"].once = false;window.revapi236 = undefined;if (window.RS_MODULES.checkMinimal!==undefined) window.RS_MODULES.checkMinimal()}\n\t\t\t\t<\/script>\n\t\t\t<\/rs-module-wrap>\n\t\t\t<!-- END REVOLUTION SLIDER -->\n[\/vc_column][\/vc_row][vc_row][vc_column][vc_empty_space height=\u00a0\u00bb60px\u00a0\u00bb][\/vc_column][\/vc_row][vc_row css=\u00a0\u00bb.vc_custom_1619708631975{background-color: #f3f3f3 !important;}\u00a0\u00bb][vc_column el_class=\u00a0\u00bbbox standard\u00a0\u00bb][vc_column_text css=\u00a0\u00bb.vc_custom_1765787882999{margin-top: -15px !important;}\u00a0\u00bb][vc_row][vc_column][vc_column_text]<\/p>\n<h1 class=\"p1\"><b>Rester en S\u00e9curit\u00e9 dans le Club de Fitness<\/b><\/h1>\n<p>Vous trouverez <a href=\"https:\/\/www.puregym.swiss\/fr\/heures-de-presence-studios.html\" target=\"_blank\" rel=\"noopener\">ici<\/a> les heures de pr\u00e9sence du personnel de votre centre de fitness.<\/p>\n<p>Il arrive que nos salles de sport ne soient pas pourvues en personnel et il est important pour nous que nos membres soient en s\u00e9curit\u00e9 dans la salle de sport lorsqu&rsquo;il n&rsquo;y a pas de membre du personnel \u00e0 proximit\u00e9.<\/p>\n<p>Il est important de vous familiariser avec nos proc\u00e9dures de premiers secours et d&rsquo;urgence lorsque votre salle de sport n&rsquo;est pas pourvue de personnel <a href=\"\/wp-content\/uploads\/2025\/09\/unbetreute-zeiten-information-fr.pdf\" target=\"_blank\" rel=\"noopener\">ici<\/a>.<\/p>\n<h3 class=\"p1\"><b>Voici 6 conseils pour vous assurer que vous \u00eates en s\u00e9curit\u00e9 lorsque les gymnases ne sont pas occup\u00e9s:<\/b><\/h3>\n<ol>\n<li class=\"li1\"><b>Document sur les heures sans personnel <\/b>\u2013 lisez notre document sur les heures sans personnel pour savoir comment rester en s\u00e9curit\u00e9 lorsque le gymnase est sans personnel.<\/li>\n<li class=\"li1\"><b>Bonne sant\u00e9 <\/b>\u2013 il est essentiel que vous soyez \u00ab\u00a0apte \u00e0 vous entra\u00eener\u00a0\u00bb. Si vous souffrez d&rsquo;une affection ou d&rsquo;une maladie qui pourrait pr\u00e9senter un risque, il est pr\u00e9f\u00e9rable de demander des conseils sur la mani\u00e8re de faire de l&rsquo;exercice tout en restant en s\u00e9curit\u00e9.<\/li>\n<li class=\"li1\"><b>Connaissez votre salle de fitness <\/b>\u2013 familiarisez-vous avec la disposition et les \u00e9quipements, sachez o\u00f9 se trouvent les points d&rsquo;aide d&rsquo;urgence (vous les trouverez autour du club de fitness), o\u00f9 sont les sorties de secours et o\u00f9 se trouve le d\u00e9fibrillateur. Ces points sont particuli\u00e8rement importants si vous vous entra\u00eenez la nuit et que vous \u00eates seul dans la salle de fitness.<\/li>\n<li class=\"li1\"><b>Demandez de l&rsquo;aide <\/b>\u2013 si vous vous sentez mal, si vous vous blessez ou si vous \u00eates inquiet pour votre bien-\u00eatre, demandez de l&rsquo;aide ! Si notre \u00e9quipe n&rsquo;est pas sur place, appelez un autre membre ou utilisez l&rsquo;un des points d&rsquo;aide d&rsquo;urgence rouges. Nous avons une \u00e9quipe d&rsquo;urgence \u00e0 distance en place 24 heures sur 24 et 7 jours sur 7 qui pourra vous aider.<\/li>\n<li class=\"li1\"><b>Amenez un ami <\/b>\u2013 lorsque vous le pouvez, s&rsquo;entra\u00eener avec des amis n&rsquo;est pas seulement plus amusant, mais vous aurez quelqu&rsquo;un pour surveiller vos arri\u00e8res. Bien s\u00fbr, cela peut ne pas \u00eatre possible (surtout si vous vous entra\u00eenez tard le soir ou le matin), alors garder d&rsquo;autres membres \u00e0 port\u00e9e de main au cas o\u00f9 vous auriez besoin de soutien est une alternative simple. Les halt\u00e8res libres ne peuvent \u00eatre utilis\u00e9s qu&rsquo;avec l&rsquo;aide d&rsquo;une personne pendant les heures sans personnel.<\/li>\n<\/ol>\n<p>[\/vc_column_text][\/vc_column][\/vc_row]<\/p>\n<\/div>","protected":false},"excerpt":{"rendered":"<p>[vc_row full_width=\u00a0\u00bbstretch_row_content_no_spaces\u00a0\u00bb][vc_column][\/vc_column][\/vc_row][vc_row][vc_column][vc_empty_space height=\u00a0\u00bb60px\u00a0\u00bb][\/vc_column][\/vc_row][vc_row css=\u00a0\u00bb.vc_custom_1619708631975{background-color: #f3f3f3 !important;}\u00a0\u00bb][vc_column el_class=\u00a0\u00bbbox standard\u00a0\u00bb][vc_column_text css=\u00a0\u00bb.vc_custom_1765787882999{margin-top: -15px !important;}\u00a0\u00bb][vc_row][vc_column][vc_column_text] Rester en S\u00e9curit\u00e9 dans le Club de Fitness Vous trouverez ici les heures de pr\u00e9sence du personnel de votre centre de fitness. Il arrive que nos salles de sport ne soient pas pourvues en personnel et il est important pour nous que nos membres [&hellip;]<\/p>\n","protected":false},"author":50,"featured_media":0,"parent":0,"menu_order":0,"comment_status":"closed","ping_status":"closed","template":"","meta":{"_acf_changed":false,"footnotes":""},"class_list":["post-244866","page","type-page","status-publish","hentry"],"acf":[],"_links":{"self":[{"href":"https:\/\/www.puregym.swiss\/fr\/wp-json\/wp\/v2\/pages\/244866","targetHints":{"allow":["GET"]}}],"collection":[{"href":"https:\/\/www.puregym.swiss\/fr\/wp-json\/wp\/v2\/pages"}],"about":[{"href":"https:\/\/www.puregym.swiss\/fr\/wp-json\/wp\/v2\/types\/page"}],"author":[{"embeddable":true,"href":"https:\/\/www.puregym.swiss\/fr\/wp-json\/wp\/v2\/users\/50"}],"replies":[{"embeddable":true,"href":"https:\/\/www.puregym.swiss\/fr\/wp-json\/wp\/v2\/comments?post=244866"}],"version-history":[{"count":4,"href":"https:\/\/www.puregym.swiss\/fr\/wp-json\/wp\/v2\/pages\/244866\/revisions"}],"predecessor-version":[{"id":390262,"href":"https:\/\/www.puregym.swiss\/fr\/wp-json\/wp\/v2\/pages\/244866\/revisions\/390262"}],"wp:attachment":[{"href":"https:\/\/www.puregym.swiss\/fr\/wp-json\/wp\/v2\/media?parent=244866"}],"curies":[{"name":"wp","href":"https:\/\/api.w.org\/{rel}","templated":true}]}}