{"id":328830,"date":"2023-10-16T10:26:46","date_gmt":"2023-10-16T08:26:46","guid":{"rendered":"https:\/\/puregym.swiss\/?page_id=328830"},"modified":"2026-01-21T12:22:18","modified_gmt":"2026-01-21T11:22:18","slug":"remboursement","status":"publish","type":"page","link":"https:\/\/www.puregym.swiss\/fr\/remboursement.html","title":{"rendered":"KK R\u00fcckerstattung"},"content":{"rendered":"<div class=\"wpb-content-wrapper\"><p>[vc_row][vc_column][vc_column_text css=\u00a0\u00bb\u00a0\u00bb el_class=\u00a0\u00bbheadline\u00a0\u00bb]<\/p>\n<h1 style=\"text-align: center;\">Remboursement de la caisse maladie<\/h1>\n<p style=\"text-align: center;\"><b><span style=\"font-size: 20px;\">Recevez jusqu\u2019\u00e0 CHF 600 de remboursement pour votre adh\u00e9sion \u00e0 PureGym.<\/span><\/b><\/p>\n<p style=\"text-align: center;\">PureGym est certifi\u00e9 Qualitop. Qualitop est le label attribu\u00e9 aux clubs de fitness de haute qualit\u00e9, permettant \u00e0 votre abonnement en salle d\u2019\u00eatre rembours\u00e9 par les assureurs maladie. Vous pouvez recevoir le remboursement de nos abonnements mensuels et annuels.<\/p>\n<p style=\"text-align: center;\">Diff\u00e9rentes compagnies d\u2019assurance ont diff\u00e9rents niveaux de contribution. Avec SWICA, vous pouvez recevoir jusqu\u2019\u00e0 CHF 600.- pour votre abonnement fitness. Vous pouvez savoir combien votre assurance maladie contribue \u00e0 vos abonnements au gymnase <a href=\"https:\/\/puregym.swiss\/wp-content\/uploads\/2023\/07\/qa-gesundheitsfoerderungsbeitraege_FR.pdf\">ici<\/a>.<\/p>\n<p>[\/vc_column_text][vc_column_text css=\u00a0\u00bb\u00a0\u00bb el_class=\u00a0\u00bbheadline\u00a0\u00bb]<\/p>\n<p style=\"text-align: center;\"><a class=\"btn first small_mb\" href=\"https:\/\/puregym-switzerland.exerp.site\/join\/center?lang=french\">S\u2019inscrire maintenant<\/a>\u00a0<a class=\"btn second small_mb\" href=\"\/wp-content\/uploads\/2026\/01\/qa-gesundheitsfoerderungsbeitraege_FR-1.pdf\">Aper\u00e7u<\/a><\/p>\n<p>[\/vc_column_text][\/vc_column][\/vc_row][vc_row][vc_column width=\u00a0\u00bb1\/2&Prime; css=\u00a0\u00bb.vc_custom_1768467198152{background-image: url(\/wp-content\/uploads\/2026\/01\/kk_rueckerstattung_qualitop-2.png?id=391347) !important;background-position: center !important;background-repeat: no-repeat !important;background-size: contain !important;}\u00a0\u00bb][vc_empty_space height=\u00a0\u00bb500px\u00a0\u00bb][\/vc_column][vc_column width=\u00a0\u00bb1\/2&Prime; css=\u00a0\u00bb.vc_custom_1696948303473{background-image: url(https:\/\/puregym.swiss\/wp-content\/uploads\/2023\/10\/Health-Insurance-Page-Logos-1.jpg?id=328233) !important;background-position: center !important;background-repeat: no-repeat !important;background-size: contain !important;}\u00a0\u00bb][vc_empty_space height=\u00a0\u00bb500px\u00a0\u00bb][\/vc_column][\/vc_row][vc_row][vc_column][vc_column_text el_class=\u00a0\u00bbheadline\u00a0\u00bb]<\/p>\n<h1 style=\"text-align: center;\">Comment rembourser votre<\/h1>\n<h1 style=\"text-align: center;\">adh\u00e9sion \u00e0 PureGym<\/h1>\n<p>[\/vc_column_text][\/vc_column][\/vc_row][vc_row equal_height=\u00a0\u00bbyes\u00a0\u00bb el_class=\u00a0\u00bbsolid_borders darkblue\u00a0\u00bb css=\u00a0\u00bb.vc_custom_1631705991802{margin-top: 30px !important;}\u00a0\u00bb][vc_column width=\u00a0\u00bb1\/3&Prime;][vc_column_text css=\u00a0\u00bb\u00a0\u00bb]<\/p>\n<h3 style=\"text-align: center;\">1. Imprimer le formulaire<\/h3>\n<p style=\"text-align: center;\">Remplir le formulaire sur <a href=\"https:\/\/puregym-switzerland.exerp.site\/login?lang=french\">Login<\/a><br \/>\net le t\u00e9l\u00e9charger.<\/p>\n<p>[\/vc_column_text][\/vc_column][vc_column width=\u00a0\u00bb1\/3&Prime;][vc_column_text]<\/p>\n<h3 style=\"text-align: center;\"><strong>2. Envoyer le formulaire<\/strong><\/h3>\n<p style=\"text-align: center;\">Envoyer le formulaire rempli \u00e0 la<br \/>\ncaisse d\u2019assurance-maladie.<\/p>\n<p>[\/vc_column_text][\/vc_column][vc_column width=\u00a0\u00bb1\/3&Prime;][vc_column_text]<\/p>\n<h3 style=\"text-align: center;\">3. Obtenir <strong>le remboursement<\/strong><\/h3>\n<p style=\"text-align: center;\">La caisse d\u2019assurance-maladie virera<br \/>\nla contribution.<\/p>\n<p>[\/vc_column_text][\/vc_column][\/vc_row][vc_row][vc_column][vc_empty_space][\/vc_column][\/vc_row][vc_row][vc_column][vc_column_text el_class=\u00a0\u00bbheadline\u00a0\u00bb]<\/p>\n<h1 style=\"text-align: center;\">Foire Aux Questions<\/h1>\n<p>[\/vc_column_text][vc_separator color=\u00a0\u00bbblack\u00a0\u00bb border_width=\u00a0\u00bb2&Prime; css=\u00a0\u00bb.vc_custom_1696946515966{margin-top: -30px !important;margin-bottom: -30px !important;}\u00a0\u00bb][vc_column_text css=\u00a0\u00bb\u00a0\u00bb el_class=\u00a0\u00bbheadline\u00a0\u00bb]<b><span style=\"font-size: 20px;\">Qu&rsquo;est-ce que le remboursement des frais d&rsquo;abonnement de fitness et comment \u00e7a marche chez PureGym ?<\/span><\/b><\/p>\n<p style=\"text-align: left;\">Lorsque vous souscrivez un <a href=\"\/fr\/membership.html\/\">abonnement de fitness<\/a> aupr\u00e8s d\u2019un club de gym, votre caisse d\u2019assurance-maladie peut apporter une contribution sur son co\u00fbt. L&rsquo;assurance-maladie de base LAMal ne prend pas ce dernier en charge, mais il existe des assurances compl\u00e9mentaires qui le font. V\u00e9rifiez bien que votre assurance compl\u00e9mentaire inclue ce type de couverture appel\u00e9e \u00ab pr\u00e9vention de la sant\u00e9 \u00bb.<\/p>\n<p>Chez PureGym, gr\u00e2ce \u00e0 la certification Qualitop, le montant de votre remboursement peut s\u2019\u00e9lever \u00e0 600 CHF.[\/vc_column_text][vc_separator color=\u00a0\u00bbblack\u00a0\u00bb border_width=\u00a0\u00bb2&Prime; css=\u00a0\u00bb.vc_custom_1696946515966{margin-top: -30px !important;margin-bottom: -30px !important;}\u00a0\u00bb][vc_column_text el_class=\u00a0\u00bbheadline\u00a0\u00bb]<b><span style=\"font-size: 20px;\">Mon abonnement PureGym peut-il \u00eatre rembours\u00e9 par mon assurance maladie ?<\/span><\/b><\/p>\n<p style=\"text-align: left;\">Oui, PureGym sont certifi\u00e9s Qualitop donc vous pouvez vous faire rembourser par votre assurance-maladie \u00e0 condition de signer un contrat qui couvre les frais de fitness.<\/p>\n<p>[\/vc_column_text][vc_separator color=\u00a0\u00bbblack\u00a0\u00bb border_width=\u00a0\u00bb2&Prime; css=\u00a0\u00bb.vc_custom_1696946515966{margin-top: -30px !important;margin-bottom: -30px !important;}\u00a0\u00bb][vc_column_text el_class=\u00a0\u00bbheadline\u00a0\u00bb]<b><span style=\"font-size: 20px;\">Que se passe-t-il si je souhaite annuler mon abonnement \u00e0 la salle de sport ? Vais-je \u00eatre rembours\u00e9 ?<\/span><\/b><\/p>\n<p style=\"text-align: left;\">PureGym propose des abonnements mensuels et annuels. Vous pouvez annuler vos abonnements mensuels \u00e0 tout moment. Si vous souhaitez annuler un abonnement annuel, vous devrez contacter directement PureGym pour voir si vous pouvez recevoir un remboursement.<\/p>\n<p>[\/vc_column_text][vc_separator color=\u00a0\u00bbblack\u00a0\u00bb border_width=\u00a0\u00bb2&Prime; css=\u00a0\u00bb.vc_custom_1696946515966{margin-top: -30px !important;margin-bottom: -30px !important;}\u00a0\u00bb][vc_column_text el_class=\u00a0\u00bbheadline\u00a0\u00bb]<b><span style=\"font-size: 20px;\">Combien de temps faut-il pour traiter un remboursement ?<\/span><\/b><\/p>\n<p style=\"text-align: left;\">Les caisses d\u2019assurance-maladie traitent un remboursement dans un d\u00e9lai moyen de 10 jours.<\/p>\n<p>[\/vc_column_text][vc_separator color=\u00a0\u00bbblack\u00a0\u00bb border_width=\u00a0\u00bb2&Prime; css=\u00a0\u00bb.vc_custom_1696946515966{margin-top: -30px !important;margin-bottom: -30px !important;}\u00a0\u00bb][vc_column_text el_class=\u00a0\u00bbheadline\u00a0\u00bb]<b><span style=\"font-size: 20px;\">Que dois-je faire si j\u2019ai des probl\u00e8mes avec mon remboursement ?<\/span><\/b><\/p>\n<p style=\"text-align: left;\">En cas de probl\u00e8mes avec votre remboursement, n\u2019h\u00e9sitez pas \u00e0 contacter votre assureur.<\/p>\n<p>[\/vc_column_text][vc_separator color=\u00a0\u00bbblack\u00a0\u00bb border_width=\u00a0\u00bb2&Prime; css=\u00a0\u00bb.vc_custom_1696946515966{margin-top: -30px !important;margin-bottom: -30px !important;}\u00a0\u00bb][vc_column_text el_class=\u00a0\u00bbheadline\u00a0\u00bb]<b><span style=\"font-size: 20px;\">La politique de remboursement est-elle la m\u00eame pour toutes les salles de sport en Suisse ?<\/span><\/b><\/p>\n<p style=\"text-align: left;\">En Suisse, toutes les salles de sport ne peuvent pas \u00eatre rembours\u00e9es par l&rsquo;assurance maladie. Avant d&rsquo;adh\u00e9rer \u00e0 une salle de sport, assurez-vous qu&rsquo;elle soit reconnue par votre mutuelle. Toutes nos salles de sport sont certifi\u00e9es Qualitop et reconnues par de nombreuses mutuelles. Diff\u00e9rents assureurs maladie peuvent avoir des politiques de remboursement diff\u00e9rentes.<\/p>\n<p>[\/vc_column_text][vc_separator color=\u00a0\u00bbblack\u00a0\u00bb border_width=\u00a0\u00bb2&Prime; css=\u00a0\u00bb.vc_custom_1696946515966{margin-top: -30px !important;margin-bottom: -30px !important;}\u00a0\u00bb][vc_column_text css=\u00a0\u00bb\u00a0\u00bb el_class=\u00a0\u00bbheadline\u00a0\u00bb]<b><span style=\"font-size: 20px;\">Comment faire une demande de remboursement ?<\/span><\/b><\/p>\n<p style=\"text-align: left;\">Pour souscrire une assurance compl\u00e9mentaire qui couvre vos frais de fitness aupr\u00e8s de votre assureur, vous devez pr\u00e9senter :<\/p>\n<ol>\n<li style=\"list-style-type: none;\">\n<ol>\n<li>un formulaire de conformation Qualitop ;<\/li>\n<li>une facture ou un re\u00e7u fourni par votre club de sport certifi\u00e9.<\/li>\n<\/ol>\n<\/li>\n<\/ol>\n<p>Pour b\u00e9n\u00e9ficier d\u2019un remboursement des frais d&rsquo;abonnement de fitness, vous pouvez t\u00e9l\u00e9charger le formulaire de la caisse d\u2019assurance-maladie sur <a href=\"https:\/\/puregym-switzerland.exerp.site\/login?lang=french\">Login<\/a>. Remplissez, imprimez puis envoyez le formulaire \u00e0 votre caisse d\u2019assurance-maladie qui se chargera de virer le remboursement. En moyenne, les caisses d\u2019assurance-maladie proc\u00e8dent aux remboursements dans un d\u00e9lai de 10 jours.[\/vc_column_text][\/vc_column][\/vc_row][vc_row][vc_column][vc_raw_js]JTNDc2NyaXB0JTNFJTBBalF1ZXJ5JTI4ZG9jdW1lbnQlMjkucmVhZHklMjhmdW5jdGlvbiUyOGpRdWVyeSUyOSU3QiUwQWpRdWVyeSUyOCUyMi53cGNmNy1mb3JtLWNvbnRyb2wlMjIlMjkucHJvcCUyOCUyN3JlcXVpcmVkJTI3JTJDdHJ1ZSUyOSUzQiUwQWpRdWVyeSUyOCUyMi53cGNmNy1mb3JtJTIyJTI5LnJlbW92ZUF0dHIlMjglMjdub3ZhbGlkYXRlJTI3JTI5JTNCJTBBJTdEJTI5JTNCJTBBJTNDJTJGc2NyaXB0JTNF[\/vc_raw_js][\/vc_column][\/vc_row]<\/p>\n<\/div>","protected":false},"excerpt":{"rendered":"<p>[vc_row][vc_column][vc_column_text css=\u00a0\u00bb\u00a0\u00bb el_class=\u00a0\u00bbheadline\u00a0\u00bb] Remboursement de la caisse maladie Recevez jusqu\u2019\u00e0 CHF 600 de remboursement pour votre adh\u00e9sion \u00e0 PureGym. PureGym est certifi\u00e9 Qualitop. Qualitop est le label attribu\u00e9 aux clubs de fitness de haute qualit\u00e9, permettant \u00e0 votre abonnement en salle d\u2019\u00eatre rembours\u00e9 par les assureurs maladie. Vous pouvez recevoir le remboursement de nos abonnements [&hellip;]<\/p>\n","protected":false},"author":50,"featured_media":391337,"parent":0,"menu_order":0,"comment_status":"closed","ping_status":"closed","template":"","meta":{"_acf_changed":false,"footnotes":""},"class_list":["post-328830","page","type-page","status-publish","has-post-thumbnail","hentry"],"acf":[],"_links":{"self":[{"href":"https:\/\/www.puregym.swiss\/fr\/wp-json\/wp\/v2\/pages\/328830","targetHints":{"allow":["GET"]}}],"collection":[{"href":"https:\/\/www.puregym.swiss\/fr\/wp-json\/wp\/v2\/pages"}],"about":[{"href":"https:\/\/www.puregym.swiss\/fr\/wp-json\/wp\/v2\/types\/page"}],"author":[{"embeddable":true,"href":"https:\/\/www.puregym.swiss\/fr\/wp-json\/wp\/v2\/users\/50"}],"replies":[{"embeddable":true,"href":"https:\/\/www.puregym.swiss\/fr\/wp-json\/wp\/v2\/comments?post=328830"}],"version-history":[{"count":7,"href":"https:\/\/www.puregym.swiss\/fr\/wp-json\/wp\/v2\/pages\/328830\/revisions"}],"predecessor-version":[{"id":391708,"href":"https:\/\/www.puregym.swiss\/fr\/wp-json\/wp\/v2\/pages\/328830\/revisions\/391708"}],"wp:featuredmedia":[{"embeddable":true,"href":"https:\/\/www.puregym.swiss\/fr\/wp-json\/wp\/v2\/media\/391337"}],"wp:attachment":[{"href":"https:\/\/www.puregym.swiss\/fr\/wp-json\/wp\/v2\/media?parent=328830"}],"curies":[{"name":"wp","href":"https:\/\/api.w.org\/{rel}","templated":true}]}}