{"id":370906,"date":"2024-03-27T08:39:47","date_gmt":"2024-03-27T07:39:47","guid":{"rendered":"https:\/\/puregym.swiss\/?page_id=370906"},"modified":"2025-12-16T09:21:12","modified_gmt":"2025-12-16T08:21:12","slug":"felicitations-pour-votre-carte-journaliere","status":"publish","type":"page","link":"https:\/\/www.puregym.swiss\/fr\/sinscrire-maintenant\/felicitations-pour-votre-carte-journaliere.html","title":{"rendered":"F\u00e9licitations pour votre carte journali\u00e8re !"},"content":{"rendered":"<div class=\"wpb-content-wrapper\"><p>[vc_row][vc_column][vc_column_text css=\u00a0\u00bb\u00a0\u00bb el_class=\u00a0\u00bbheadline\u00a0\u00bb]<\/p>\n<h1 style=\"text-align: center;\">Enregistr\u00e9 en Ligne avec Succ\u00e8s<\/h1>\n<h3 class=\"sub-headline\" style=\"text-align: center;\">F\u00e9licitations pour votre carte journali\u00e8re !<\/h3>\n<p>[\/vc_column_text][\/vc_column][\/vc_row][vc_row][vc_column][vc_column_text]<\/p>\n<p style=\"text-align: center;\">Vous recevrez un e-mail avec vos donn\u00e9es d\u00e9taill\u00e9es.<\/p>\n<p>[\/vc_column_text][\/vc_column][\/vc_row]<\/p>\n<\/div>","protected":false},"excerpt":{"rendered":"<p>[vc_row][vc_column][vc_column_text css=\u00a0\u00bb\u00a0\u00bb el_class=\u00a0\u00bbheadline\u00a0\u00bb] Enregistr\u00e9 en Ligne avec Succ\u00e8s F\u00e9licitations pour votre carte journali\u00e8re ! [\/vc_column_text][\/vc_column][\/vc_row][vc_row][vc_column][vc_column_text] Vous recevrez un e-mail avec vos donn\u00e9es d\u00e9taill\u00e9es. [\/vc_column_text][\/vc_column][\/vc_row]<\/p>\n","protected":false},"author":48,"featured_media":0,"parent":162375,"menu_order":0,"comment_status":"closed","ping_status":"closed","template":"","meta":{"_acf_changed":false,"footnotes":""},"class_list":["post-370906","page","type-page","status-publish","hentry"],"acf":[],"_links":{"self":[{"href":"https:\/\/www.puregym.swiss\/fr\/wp-json\/wp\/v2\/pages\/370906","targetHints":{"allow":["GET"]}}],"collection":[{"href":"https:\/\/www.puregym.swiss\/fr\/wp-json\/wp\/v2\/pages"}],"about":[{"href":"https:\/\/www.puregym.swiss\/fr\/wp-json\/wp\/v2\/types\/page"}],"author":[{"embeddable":true,"href":"https:\/\/www.puregym.swiss\/fr\/wp-json\/wp\/v2\/users\/48"}],"replies":[{"embeddable":true,"href":"https:\/\/www.puregym.swiss\/fr\/wp-json\/wp\/v2\/comments?post=370906"}],"version-history":[{"count":1,"href":"https:\/\/www.puregym.swiss\/fr\/wp-json\/wp\/v2\/pages\/370906\/revisions"}],"predecessor-version":[{"id":390301,"href":"https:\/\/www.puregym.swiss\/fr\/wp-json\/wp\/v2\/pages\/370906\/revisions\/390301"}],"up":[{"embeddable":true,"href":"https:\/\/www.puregym.swiss\/fr\/wp-json\/wp\/v2\/pages\/162375"}],"wp:attachment":[{"href":"https:\/\/www.puregym.swiss\/fr\/wp-json\/wp\/v2\/media?parent=370906"}],"curies":[{"name":"wp","href":"https:\/\/api.w.org\/{rel}","templated":true}]}}