{"id":386352,"date":"2025-04-02T13:00:27","date_gmt":"2025-04-02T11:00:27","guid":{"rendered":"https:\/\/www.puregym.swiss\/?page_id=386352"},"modified":"2026-04-21T08:59:50","modified_gmt":"2026-04-21T06:59:50","slug":"coming-soon","status":"publish","type":"page","link":"https:\/\/www.puregym.swiss\/fr\/coming-soon.html","title":{"rendered":"Coming soon"},"content":{"rendered":"<div class=\"wpb-content-wrapper\"><p>[vc_row][vc_column][vc_single_image image=\u00a0\u00bb393336&Prime; img_size=\u00a0\u00bbfull\u00a0\u00bb alignment=\u00a0\u00bbcenter\u00a0\u00bb css=\u00a0\u00bb.vc_custom_1776671711119{margin-top: 40px !important;}\u00a0\u00bb][\/vc_column][\/vc_row][vc_row][vc_column][vc_column_text css=\u00a0\u00bb\u00a0\u00bb el_class=\u00a0\u00bbheadline\u00a0\u00bb]<\/p>\n<h1 style=\"text-align: center;\"><span dir=\"ltr\" role=\"presentation\">Prochainement !<\/span><\/h1>\n<p style=\"text-align: center;\">Entrez votre donn\u00e9es ci-dessous pour \u00eatre inform\u00e9 lorsque vous pourrez vous inscrire pour un abonnement.<\/p>\n<p>[\/vc_column_text][\/vc_column][\/vc_row][vc_row][vc_column][vc_empty_space][\/vc_column][\/vc_row][vc_row full_width=\u00a0\u00bbstretch_row\u00a0\u00bb css=\u00a0\u00bb.vc_custom_1507599315643{margin-bottom: 60px !important;padding-bottom: 60px !important;background-color: #ffffff !important;}\u00a0\u00bb el_class=\u00a0\u00bbblue\u00a0\u00bb][vc_column]\n<div class=\"wpcf7 no-js\" id=\"wpcf7-f386361-o1\" lang=\"fr-FR\" dir=\"ltr\" data-wpcf7-id=\"386361\">\n<div class=\"screen-reader-response\"><p role=\"status\" aria-live=\"polite\" aria-atomic=\"true\"><\/p> <ul><\/ul><\/div>\n<form action=\"\/fr\/wp-json\/wp\/v2\/pages\/386352#wpcf7-f386361-o1\" method=\"post\" class=\"wpcf7-form init\" aria-label=\"Formulaire de contact\" novalidate=\"novalidate\" data-status=\"init\">\n<div style=\"display: none;\">\n<input type=\"hidden\" name=\"_wpcf7\" value=\"386361\" \/>\n<input type=\"hidden\" name=\"_wpcf7_version\" value=\"6.0.6\" \/>\n<input type=\"hidden\" name=\"_wpcf7_locale\" value=\"fr_FR\" \/>\n<input type=\"hidden\" name=\"_wpcf7_unit_tag\" value=\"wpcf7-f386361-o1\" \/>\n<input type=\"hidden\" name=\"_wpcf7_container_post\" value=\"0\" \/>\n<input type=\"hidden\" name=\"_wpcf7_posted_data_hash\" value=\"\" \/>\n<\/div>\n<div class=\"row\">\n\t<div class=\"col-sm-4\">\n\t\t<p><span class=\"wpcf7-form-control-wrap\" data-name=\"param\"><select class=\"wpcf7-form-control wpcf7-select wpcf7-validates-as-required\" id=\"studio\" aria-required=\"true\" aria-invalid=\"false\" name=\"param\"><option value=\"\">Choisir club*<\/option><option value=\"PureGym Pratteln\">PureGym Pratteln<\/option><option value=\"PureGym Kreuzlingen\">PureGym Kreuzlingen<\/option><option value=\"PureGym Gen\u00e8ve Cornavin\">PureGym Gen\u00e8ve Cornavin<\/option><option value=\"PureGym Lausanne Grancy\">PureGym Lausanne Grancy<\/option><option value=\"PureGym Gen\u00e8ve Nations\">PureGym Gen\u00e8ve Nations<\/option><\/select><\/span>\n\t\t<\/p>\n\t<\/div>\n\t<div class=\"col-sm-4\">\n\t\t<p><span class=\"wpcf7-form-control-wrap\" data-name=\"firstname\"><input size=\"40\" maxlength=\"400\" class=\"wpcf7-form-control wpcf7-text wpcf7-validates-as-required\" aria-required=\"true\" aria-invalid=\"false\" placeholder=\"Pr\u00e9nom\" value=\"\" type=\"text\" name=\"firstname\" \/><\/span>\n\t\t<\/p>\n\t<\/div>\n\t<div class=\"col-sm-4\">\n\t\t<p><span class=\"wpcf7-form-control-wrap\" data-name=\"lastname\"><input size=\"40\" maxlength=\"400\" class=\"wpcf7-form-control wpcf7-text wpcf7-validates-as-required\" aria-required=\"true\" aria-invalid=\"false\" placeholder=\"Nom de famille\" value=\"\" type=\"text\" name=\"lastname\" \/><\/span>\n\t\t<\/p>\n\t<\/div>\n<\/div>\n<div class=\"row\">\n\t<div class=\"col-sm-6\">\n\t\t<p><span class=\"wpcf7-form-control-wrap\" data-name=\"birthday\"><input class=\"wpcf7-form-control wpcf7-date wpcf7-validates-as-required wpcf7-validates-as-date\" id=\"birthday\" max=\"2009-02-12\" aria-required=\"true\" aria-invalid=\"false\" placeholder=\"Date de naissance\" value=\"\" type=\"date\" name=\"birthday\" \/><\/span>\n\t\t<\/p>\n\t<\/div>\n\t<div class=\"col-sm-6\">\n\t\t<p><span class=\"wpcf7-form-control-wrap\" data-name=\"mail\"><input size=\"40\" maxlength=\"400\" class=\"wpcf7-form-control wpcf7-email wpcf7-validates-as-required wpcf7-text wpcf7-validates-as-email\" aria-required=\"true\" aria-invalid=\"false\" placeholder=\"Adresse e-mail\" value=\"\" type=\"email\" name=\"mail\" \/><\/span>\n\t\t<\/p>\n\t<\/div>\n<\/div>\n<div class=\"row\">\n\t<div class=\"col-sm-6\">\n\t\t<p><span class=\"wpcf7-form-control-wrap\" data-name=\"zipcode\"><input class=\"wpcf7-form-control wpcf7-number wpcf7-validates-as-required wpcf7-validates-as-number\" id=\"zipcode\" min=\"1000\" max=\"9999\" aria-required=\"true\" aria-invalid=\"false\" placeholder=\"Code postal\" value=\"\" type=\"number\" name=\"zipcode\" \/><\/span>\n\t\t<\/p>\n\t<\/div>\n\t<div class=\"col-sm-6\">\n\t\t<p><span class=\"wpcf7-form-control-wrap\" data-name=\"hidden-cityselect\"><input size=\"40\" maxlength=\"400\" class=\"wpcf7-form-control wpcf7-text wpcf7-validates-as-required hidden\" id=\"hidden-cityselect\" aria-required=\"true\" aria-invalid=\"false\" value=\"\" type=\"text\" name=\"hidden-cityselect\" \/><\/span><select required=\"true\" class=\"wpcf7-form-control wpcf7-select wpcf7-validates-as-required\" id=\"city\" aria-required=\"true\" aria-invalid=\"true\" name=\"cityselect\"><option value=\"\">Choisis ta ville*<\/option><\/select>\n\t\t<\/p>\n\t<\/div>\n<\/div>\n<div class=\"row\">\n\t<div class=\"col-sm-12 text-align: left;\">\n\t\t<p><input class=\"wpcf7-form-control wpcf7-submit has-spinner\" type=\"submit\" value=\"M&#039;Informer\" \/>\n\t\t<\/p>\n\t<\/div>\n<\/div><div class=\"wpcf7-response-output\" aria-hidden=\"true\"><\/div>\n<\/form>\n<\/div>\n[\/vc_column][\/vc_row][vc_row css=\u00a0\u00bb.vc_custom_1739215446564{margin-top: -170px !important;}\u00a0\u00bb][vc_column][vc_column_text css=\u00a0\u00bb\u00a0\u00bb el_class=\u00a0\u00bbheadline\u00a0\u00bb]<\/p>\n<p style=\"text-align: center;\">En appuyant sur &lsquo;M&rsquo;informer&rsquo;, vous acceptez notre politique de confidentialit\u00e9 <a href=\"https:\/\/www.puregym.swiss\/fr\/declaration-de-protection-des-donnees.html\">ici<\/a>.<\/p>\n<p>[\/vc_column_text][\/vc_column][\/vc_row][vc_row css=\u00a0\u00bb.vc_custom_1739215446564{margin-top: -170px !important;}\u00a0\u00bb][vc_column][vc_single_image image=\u00a0\u00bb393349&Prime; img_size=\u00a0\u00bblarge\u00a0\u00bb alignment=\u00a0\u00bbcenter\u00a0\u00bb css=\u00a0\u00bb\u00a0\u00bb][\/vc_column][\/vc_row]<\/p>\n<\/div>","protected":false},"excerpt":{"rendered":"<p>[vc_row][vc_column][vc_single_image image=\u00a0\u00bb393336&Prime; img_size=\u00a0\u00bbfull\u00a0\u00bb alignment=\u00a0\u00bbcenter\u00a0\u00bb css=\u00a0\u00bb.vc_custom_1776671711119{margin-top: 40px !important;}\u00a0\u00bb][\/vc_column][\/vc_row][vc_row][vc_column][vc_column_text css=\u00a0\u00bb\u00a0\u00bb el_class=\u00a0\u00bbheadline\u00a0\u00bb] Prochainement ! Entrez votre donn\u00e9es ci-dessous pour \u00eatre inform\u00e9 lorsque vous pourrez vous inscrire pour un abonnement. [\/vc_column_text][\/vc_column][\/vc_row][vc_row][vc_column][vc_empty_space][\/vc_column][\/vc_row][vc_row full_width=\u00a0\u00bbstretch_row\u00a0\u00bb css=\u00a0\u00bb.vc_custom_1507599315643{margin-bottom: 60px !important;padding-bottom: 60px !important;background-color: #ffffff !important;}\u00a0\u00bb el_class=\u00a0\u00bbblue\u00a0\u00bb][vc_column][\/vc_column][\/vc_row][vc_row css=\u00a0\u00bb.vc_custom_1739215446564{margin-top: -170px !important;}\u00a0\u00bb][vc_column][vc_column_text css=\u00a0\u00bb\u00a0\u00bb el_class=\u00a0\u00bbheadline\u00a0\u00bb] En appuyant sur &lsquo;M&rsquo;informer&rsquo;, vous acceptez notre politique de confidentialit\u00e9 ici. [\/vc_column_text][\/vc_column][\/vc_row][vc_row css=\u00a0\u00bb.vc_custom_1739215446564{margin-top: -170px [&hellip;]<\/p>\n","protected":false},"author":49,"featured_media":0,"parent":0,"menu_order":0,"comment_status":"closed","ping_status":"closed","template":"templates\/opt-in-out.php","meta":{"_acf_changed":false,"footnotes":""},"class_list":["post-386352","page","type-page","status-publish","hentry"],"acf":[],"_links":{"self":[{"href":"https:\/\/www.puregym.swiss\/fr\/wp-json\/wp\/v2\/pages\/386352","targetHints":{"allow":["GET"]}}],"collection":[{"href":"https:\/\/www.puregym.swiss\/fr\/wp-json\/wp\/v2\/pages"}],"about":[{"href":"https:\/\/www.puregym.swiss\/fr\/wp-json\/wp\/v2\/types\/page"}],"author":[{"embeddable":true,"href":"https:\/\/www.puregym.swiss\/fr\/wp-json\/wp\/v2\/users\/49"}],"replies":[{"embeddable":true,"href":"https:\/\/www.puregym.swiss\/fr\/wp-json\/wp\/v2\/comments?post=386352"}],"version-history":[{"count":6,"href":"https:\/\/www.puregym.swiss\/fr\/wp-json\/wp\/v2\/pages\/386352\/revisions"}],"predecessor-version":[{"id":393359,"href":"https:\/\/www.puregym.swiss\/fr\/wp-json\/wp\/v2\/pages\/386352\/revisions\/393359"}],"wp:attachment":[{"href":"https:\/\/www.puregym.swiss\/fr\/wp-json\/wp\/v2\/media?parent=386352"}],"curies":[{"name":"wp","href":"https:\/\/api.w.org\/{rel}","templated":true}]}}