{"id":391022,"date":"2026-01-05T14:22:00","date_gmt":"2026-01-05T13:22:00","guid":{"rendered":"https:\/\/www.puregym.swiss\/?page_id=391022"},"modified":"2026-01-05T14:22:00","modified_gmt":"2026-01-05T13:22:00","slug":"reformer-pilates-et-cours-premium","status":"publish","type":"page","link":"https:\/\/www.puregym.swiss\/fr\/reformer-pilates-et-cours-premium.html","title":{"rendered":"Reformer Pilates et cours Premium"},"content":{"rendered":"<div class=\"wpb-content-wrapper\"><p>[vc_row][vc_column][vc_column_text css=\u00a0\u00bb\u00a0\u00bb]<\/p>\n<h1>Reformer Pilates et cours Premium<\/h1>\n<p>En tant que membre PureGym, tu as la possibilit\u00e9 d\u2019acheter des cours d\u2019exercices collectifs Premium dans certains centres via notre site Internet.<\/p>\n<ol>\n<li>Tous les cours payants doivent \u00eatre r\u00e9gl\u00e9s au moment de la r\u00e9servation. En cas d\u2019annulation 24\u00a0heures avant le d\u00e9but du cours, le cr\u00e9dit sera ajout\u00e9 \u00e0 ton compte.<\/li>\n<li>Les membres doivent arriver \u00e0 l\u2019heure pour le d\u00e9but du cours; tout retard peut entra\u00eener un refus d\u2019acc\u00e8s au cours. Lors de leur premi\u00e8re participation, les membres doivent arriver 5\u00a0minutes avant le d\u00e9but du cours afin de b\u00e9n\u00e9ficier d\u2019une initiation appropri\u00e9e. <\/li>\n<li>Les membres doivent effectuer leur r\u00e9servation \u00e0 l\u2019avance afin de s\u2019assurer qu\u2019il y a de la place pour eux. <\/li>\n<li>En cas d\u2019absence \u00e0 un cours r\u00e9serv\u00e9, la politique d\u2019annulation s\u2019appliquera.<\/li>\n<li>En r\u00e9servant un cours ou une s\u00e9ance, tu acceptes automatiquement les conditions g\u00e9n\u00e9rales ci-dessous.<\/li>\n<\/ol>\n<p><strong>Conditions de paiement: <\/strong><\/p>\n<ol>\n<li>Tous les prix sont indiqu\u00e9s en CHF et peuvent \u00eatre modifi\u00e9s \u00e0 tout moment.<\/li>\n<li>Toutes les r\u00e9servations pour des cours d\u2019exercices collectifs payants doivent \u00eatre r\u00e9gl\u00e9es \u00e0 l\u2019avance.<\/li>\n<li>Les paiements peuvent \u00eatre effectu\u00e9s par carte de cr\u00e9dit, carte de d\u00e9bit ou via le portail de paiement en ligne.<\/li>\n<li>Aucune place dans le cours n\u2019est confirm\u00e9e tant que le paiement int\u00e9gral n\u2019a pas \u00e9t\u00e9 re\u00e7u.<\/li>\n<\/ol>\n<p><strong>Politique de non-remboursement:<\/strong><\/p>\n<ol>\n<li>Tous les paiements effectu\u00e9s pour des cours d\u2019exercices collectifs payants sont non remboursables.<\/li>\n<li>Une fois le paiement confirm\u00e9, aucun remboursement ne sera accord\u00e9 pour quelque raison que ce soit, y compris, mais sans s\u2019y limiter: changement d\u2019avis, incapacit\u00e9 d\u2019assister \u00e0 la s\u00e9ance en raison de circonstances personnelles, conflits d\u2019agenda. <\/li>\n<li>Cette politique s\u2019applique ind\u00e9pendamment du d\u00e9lai de pr\u00e9avis donn\u00e9 avant la date du cours.<\/li>\n<\/ol>\n<p><strong>Politique d\u2019annulation: <\/strong><br \/>\n<u>Si tu annules:<\/u><\/p>\n<ul>\n<li>Une r\u00e9servation annul\u00e9e plus de 24\u00a0heures avant le d\u00e9but du cours donnera lieu \u00e0 un cr\u00e9dit sur ton compte, utilisable pour r\u00e9server un autre cours (le montant du cours collectif).<\/li>\n<li>Une r\u00e9servation annul\u00e9e moins de 24\u00a0heures avant le d\u00e9but du cours sera consid\u00e9r\u00e9e comme utilis\u00e9e et aucun remboursement, report ou cr\u00e9dit ne sera accord\u00e9. <\/li>\n<\/ul>\n<p><u>Si PureGym annule: <\/u><\/p>\n<ul>\n<li>Un cours sp\u00e9cifique: tu auras la possibilit\u00e9 d\u2019\u00eatre transf\u00e9r\u00e9 vers un autre cours de valeur \u00e9quivalente ou de recevoir un cr\u00e9dit int\u00e9gral (le montant du cours collectif) sur ton compte pour de futures r\u00e9servations. <\/li>\n<li>Tous les cours de la salle dans laquelle tu as achet\u00e9 des cours: un remboursement sera effectu\u00e9 sur ton compte dans un d\u00e9lai de 7\u00a0jours ouvrables.<\/li>\n<\/ul>\n<p><strong>Droits de r\u00e9servation: <\/strong><\/p>\n<ol>\n<li>Les membres doivent arriver \u00e0 l\u2019heure pour le d\u00e9but du cours; tout retard peut entra\u00eener un refus d\u2019acc\u00e8s au cours.<\/li>\n<li>Les membres doivent effectuer leur r\u00e9servation \u00e0 l\u2019avance afin de s\u2019assurer qu\u2019il y a de la place pour eux.<\/li>\n<li>Les r\u00e9servations ne sont pas transf\u00e9rables \u00e0 une autre personne ni \u00e0 un autre compte.<\/li>\n<li>PureGym se r\u00e9serve le droit de modifier les horaires des cours, les instructrices et instructeurs et les formats sans pr\u00e9avis. Ces modifications ne donnent droit \u00e0 aucun remboursement.<\/li>\n<li>Le montant du cours collectif est valable pendant une p\u00e9riode de 2\u00a0mois et ne sera pas rembours\u00e9 s\u2019il n\u2019est pas utilis\u00e9.<\/li>\n<\/ol>\n<p><strong>Sant\u00e9 et s\u00e9curit\u00e9:<\/strong><\/p>\n<ol>\n<li>La participation se fait \u00e0 tes propres risques. Informe les instructrices et instructeurs de toute blessure, grossesse ou probl\u00e8me de sant\u00e9 au pr\u00e9alable.\u00a0<\/li>\n<li>Tu confirmes \u00eatre m\u00e9dicalement apte \u00e0 participer et capable d\u2019effectuer tous les exercices de Reformer Pilates et Pilates.<\/li>\n<li>Les membres doivent porter une tenue appropri\u00e9e; le port de chaussettes antid\u00e9rapantes est obligatoire.<\/li>\n<li>PureGym se r\u00e9serve le droit de refuser l\u2019acc\u00e8s \u00e0 tout moment.<\/li>\n<\/ol>\n<p>[\/vc_column_text][\/vc_column][\/vc_row]<\/p>\n<\/div>","protected":false},"excerpt":{"rendered":"<p>[vc_row][vc_column][vc_column_text css=\u00a0\u00bb\u00a0\u00bb] Reformer Pilates et cours Premium En tant que membre PureGym, tu as la possibilit\u00e9 d\u2019acheter des cours d\u2019exercices collectifs Premium dans certains centres via notre site Internet. Tous les cours payants doivent \u00eatre r\u00e9gl\u00e9s au moment de la r\u00e9servation. En cas d\u2019annulation 24\u00a0heures avant le d\u00e9but du cours, le cr\u00e9dit sera ajout\u00e9 \u00e0 [&hellip;]<\/p>\n","protected":false},"author":49,"featured_media":0,"parent":0,"menu_order":0,"comment_status":"closed","ping_status":"closed","template":"","meta":{"_acf_changed":false,"footnotes":""},"class_list":["post-391022","page","type-page","status-publish","hentry"],"acf":[],"_links":{"self":[{"href":"https:\/\/www.puregym.swiss\/fr\/wp-json\/wp\/v2\/pages\/391022","targetHints":{"allow":["GET"]}}],"collection":[{"href":"https:\/\/www.puregym.swiss\/fr\/wp-json\/wp\/v2\/pages"}],"about":[{"href":"https:\/\/www.puregym.swiss\/fr\/wp-json\/wp\/v2\/types\/page"}],"author":[{"embeddable":true,"href":"https:\/\/www.puregym.swiss\/fr\/wp-json\/wp\/v2\/users\/49"}],"replies":[{"embeddable":true,"href":"https:\/\/www.puregym.swiss\/fr\/wp-json\/wp\/v2\/comments?post=391022"}],"version-history":[{"count":1,"href":"https:\/\/www.puregym.swiss\/fr\/wp-json\/wp\/v2\/pages\/391022\/revisions"}],"predecessor-version":[{"id":391023,"href":"https:\/\/www.puregym.swiss\/fr\/wp-json\/wp\/v2\/pages\/391022\/revisions\/391023"}],"wp:attachment":[{"href":"https:\/\/www.puregym.swiss\/fr\/wp-json\/wp\/v2\/media?parent=391022"}],"curies":[{"name":"wp","href":"https:\/\/api.w.org\/{rel}","templated":true}]}}