{"id":161604,"date":"2017-11-09T11:23:07","date_gmt":"2017-11-09T10:23:07","guid":{"rendered":"https:\/\/dev.basefit.bitdivision.de?page_id=161604"},"modified":"2026-01-05T14:47:28","modified_gmt":"2026-01-05T13:47:28","slug":"faq-termini-e-condizioni-protezione-dei-dati-regole-della-casa","status":"publish","type":"page","link":"https:\/\/www.puregym.swiss\/it\/faq-termini-e-condizioni-protezione-dei-dati-regole-della-casa.html","title":{"rendered":"FAQ | Termini e Condizioni | protezione dei dati | regole della casa"},"content":{"rendered":"<div class=\"wpb-content-wrapper\"><p>[vc_row disable_element=&#8221;yes&#8221;][vc_column][vc_column_text el_class=&#8221;headline&#8221;]<\/p>\n<h2 style=\"text-align: center;\">FAQ<\/h2>\n<h3 class=\"sub-headline\" style=\"text-align: center;\">D<strong translate=\"no\">omande frequenti<\/strong><\/h3>\n<p>[\/vc_column_text][vc_tta_accordion style=&#8221;flat&#8221; shape=&#8221;square&#8221; c_icon=&#8221;&#8221; active_section=&#8221;-1&#8243; collapsible_all=&#8221;true&#8221; el_class=&#8221;basefit&#8221;][vc_tta_section title=&#8221;Dove ritiro la mia tessera\/il mio badge?&#8221; tab_id=&#8221;Mitgliedsausweis&#8221;][vc_column_text]<\/p>\n<p class=\"p1\">Il badge viene consegnato personalmente e non viene inviato per posta.<\/p>\n<p>[\/vc_column_text][\/vc_tta_section][vc_tta_section title=&#8221;Posso sospendere o interrompere il mio abbonamento?&#8221; tab_id=&#8221;1505678334872-8ae275b0-3387&#8243;][vc_column_text]<\/p>\n<p class=\"p1\">Certamente. A volte c&#8217;\u00e8 bisogno di sospendere per un po&#8217; gli allenamenti. Se questa pausa \u00e8 pi\u00f9 lunga di 4 settimane, puoi sospendere il tuo abbonamento per le seguenti ragioni:<\/p>\n<ul>\n<li>Malattia (presentando un certificato medico)<\/li>\n<li>Servizio militare (presentando documentazione di arruolamento)<\/li>\n<li>Trasferimenti all&#8217;estero per motivi di lavoro (\u00e8 richiesta una certificazione)<\/li>\n<li>Gravidanza (presentando un certificato medico)<\/li>\n<\/ul>\n<p>Pagando un costo di gestione di 25,00 CHF, ti accrediteremo l&#8217;importo corrispondente al periodo di sospensione, alla scadenza del periodo dell&#8217;abbonamento.[\/vc_column_text][\/vc_tta_section][vc_tta_section title=&#8221;Posso usufruire del centro ogni giorno?&#8221; tab_id=&#8221;1505686168070-9c69f8cb-698d&#8221;][vc_column_text]<\/p>\n<p class=\"p1\">S\u00ec. I nostri centri puregym.swiss sono aperti ogni giorno, domenica e festivi inclusi. Gli orari di apertura di ogni centro possono essere visualizzati online o presso il club stesso.<\/p>\n<p>[\/vc_column_text][\/vc_tta_section][vc_tta_section title=&#8221;Devo comunicare la fine del periodo dell&#8217;abbonamento?&#8221; tab_id=&#8221;1505686313322-2603c029-2e32&#8243;][vc_column_text]<\/p>\n<p class=\"p1\">S\u00ec. Se non viene presentata una comunicazione scritta entro 3 mesi dalla data di scadenza del periodo contrattuale, esso verr\u00e0 rinnovato automaticamente per altri 12 mesi alle stesse condizioni della precedente iscrizione.<\/p>\n<p>[\/vc_column_text][\/vc_tta_section][vc_tta_section title=&#8221;Qual \u00e8 l&#8217;et\u00e0 minima per iscriversi?&#8221; tab_id=&#8221;1505686240399-75820c8d-c3b8&#8243;][vc_column_text]<\/p>\n<p class=\"p1\">\u00c8 possibile stipulare un contratto con puregym.swiss a partire da 16 anni di et\u00e0. In tal caso, tuttavia, \u00e8 richiesto il consenso di un genitore o di un tutore. Per le iscrizioni online, \u00e8 necessario aver compiuto 18 anni.<\/p>\n<p>[\/vc_column_text][\/vc_tta_section][vc_tta_section title=&#8221;Posso usare il mio badge per allenarmi in altri club puregym.swiss?&#8221; tab_id=&#8221;1505686176607-494ecf30-d37a&#8221;][vc_column_text]Se usufruisci di una tariffa scontata, potrai accedere ad un solo centro, mentre, pagando la tariffa normale, potrai allenarti in tutti i club.[\/vc_column_text][\/vc_tta_section][vc_tta_section title=&#8221;Che accade se ritardo il pagamento della mia quota d&#8217;iscrizione?&#8221; tab_id=&#8221;1505686361310-92c6406d-3735&#8243;][vc_column_text]<\/p>\n<p class=\"p1\"><strong>LA REGOLA GENERALE \u00c8: <\/strong><\/p>\n<p class=\"p1\">Contattandoci in anticipo (alla ricezione del primo avviso di pagamento), in base alla situazione, valuteremo le opzioni possibili. Puoi contattarci via e-mail scrivendo a: <a href=\"https:\/\/puregym.swiss\/it\/lazienda.html#kontakt\">contatto.<\/a> Tutti i pagamenti non pervenuti per tempo saranno soggetti a una penale. Le penali applicabili corrispondono a 10,00 CHF dopo il primo avviso e 15,00 CHF dopo il secondo.<\/p>\n<p>[\/vc_column_text][\/vc_tta_section][vc_tta_section title=&#8221;Desidero cambiare il mio pacchetto di abbonamento gi\u00e0 acquistato. A chi devo rivolgermi?&#8221; tab_id=&#8221;1505686397194-25cefeee-ce9c&#8221;][vc_column_text]<\/p>\n<p class=\"p1\">Le modifiche delle condizioni contrattuali possono essere effettuate solo presso il centro. La persona pi\u00f9 indicata, a tal fine, \u00e8 il direttore del centro.<\/p>\n<p>[\/vc_column_text][\/vc_tta_section][vc_tta_section title=&#8221;Quando si effettuano delle modifiche, la scadenza viene annullata e riconfigurata.&#8221; tab_id=&#8221;1505686475657-fbcaff0b-f46b&#8221;][vc_column_text]<\/p>\n<p class=\"p1\">The club where you registered would be pleased to help you with your question.<\/p>\n<p>[\/vc_column_text][\/vc_tta_section][vc_tta_section title=&#8221;Dove posso trovare i dati bancari dei centri&#8221; tab_id=&#8221;1505686475224-8e2c8929-8626&#8243;][vc_column_text]<\/p>\n<p class=\"p1\">Le informazioni relative ai conti correnti sono disponibili in questa pagina: <a href=\"\/bankverbindungen.html\">Vai a info conto corrente<\/a><\/p>\n<p>[\/vc_column_text][\/vc_tta_section][\/vc_tta_accordion][\/vc_column][\/vc_row][vc_row][vc_column][vc_column_text css=&#8221;&#8221; el_class=&#8221;headline&#8221;]<a id=\"AGB\" class=\"anker\" name=\"AGB\"><\/a><\/p>\n<h1 style=\"text-align: center;\">Termini e Condizioni<\/h1>\n<h3 class=\"sub-headline\" style=\"text-align: center;\">le nostre palestre<\/h3>\n<p>[\/vc_column_text][vc_column_text css=&#8221;&#8221; el_class=&#8221;filelist&#8221;]<\/p>\n<ul>\n<li class=\"file pdf\"><a href=\"\/wp-content\/uploads\/2025\/06\/TCs-Italian_version2_2025.pdf\" target=\"_blank\" rel=\"noopener\">Condizini generali di contratto altre palestre<\/a><\/li>\n<\/ul>\n<p>[\/vc_column_text][vc_column_text css=&#8221;&#8221; el_class=&#8221;filelist&#8221;]<\/p>\n<ul>\n<li class=\"file pdf\"><a href=\"https:\/\/www.puregym.swiss\/it\/offerta-termini-e-condizioni.html\" target=\"_blank\" rel=\"noopener\">Offerta Termini e Condizioni<\/a><\/li>\n<\/ul>\n<p>[\/vc_column_text][vc_column_text css=&#8221;&#8221; el_class=&#8221;filelist&#8221;]<\/p>\n<ul>\n<li class=\"file pdf\"><a href=\"https:\/\/www.puregym.swiss\/it\/lezioni-di-pilates-reformer-e-premium.html\" target=\"_blank\" rel=\"noopener\">Lezioni di Pilates Reformer e Premium<\/a><\/li>\n<\/ul>\n<p>[\/vc_column_text][\/vc_column][\/vc_row][vc_row][vc_column][vc_column_text css=&#8221;&#8221; el_class=&#8221;headline&#8221;]<a id=\"Hausordnung\" class=\"anker\" name=\"Hausordnung\"><\/a><\/p>\n<h2 style=\"text-align: center;\">R<strong translate=\"no\">egole della casa<\/strong><\/h2>\n<h3 class=\"sub-headline\" style=\"text-align: center;\">le nostre palestre<\/h3>\n<p>[\/vc_column_text][vc_column_text css=&#8221;&#8221; el_class=&#8221;filelist&#8221;]<\/p>\n<ul>\n<li class=\"file pdf\"><a href=\"\/wp-content\/uploads\/2025\/05\/250521_Hausordnung_A4_IT-1.pdf\" target=\"_blank\" rel=\"noopener\">Regole della case altre palestre<\/a><\/li>\n<\/ul>\n<p>[\/vc_column_text][\/vc_column][\/vc_row][vc_row][vc_column][vc_column_text css=&#8221;&#8221; el_class=&#8221;headline&#8221;]<a id=\"Hausordnung\" class=\"anker\" name=\"Hausordnung\"><\/a><\/p>\n<h2 style=\"text-align: center;\">Informativa sulla privacy<\/h2>\n<h3 class=\"sub-headline\" style=\"text-align: center;\">le nostre palestre<\/h3>\n<p>[\/vc_column_text][vc_column_text css=&#8221;&#8221; el_class=&#8221;filelist&#8221;]<\/p>\n<ul>\n<li class=\"file\"><a href=\"\/it\/informativa-sulla-privacy.html\" target=\"_blank\" rel=\"noopener\">Informativa sulla privacy<\/a><\/li>\n<\/ul>\n<p>[\/vc_column_text][\/vc_column][\/vc_row]<\/p>\n<\/div>","protected":false},"excerpt":{"rendered":"<p>[vc_row disable_element=&#8221;yes&#8221;][vc_column][vc_column_text el_class=&#8221;headline&#8221;] FAQ Domande frequenti [\/vc_column_text][vc_tta_accordion style=&#8221;flat&#8221; shape=&#8221;square&#8221; c_icon=&#8221;&#8221; active_section=&#8221;-1&#8243; collapsible_all=&#8221;true&#8221; el_class=&#8221;basefit&#8221;][vc_tta_section title=&#8221;Dove ritiro la mia tessera\/il mio badge?&#8221; tab_id=&#8221;Mitgliedsausweis&#8221;][vc_column_text] Il badge viene consegnato personalmente e non viene inviato per posta. [\/vc_column_text][\/vc_tta_section][vc_tta_section title=&#8221;Posso sospendere o interrompere il mio abbonamento?&#8221; tab_id=&#8221;1505678334872-8ae275b0-3387&#8243;][vc_column_text] Certamente. A volte c&#8217;\u00e8 bisogno di sospendere per un po&#8217; gli allenamenti. Se questa [&hellip;]<\/p>\n","protected":false},"author":48,"featured_media":0,"parent":0,"menu_order":5,"comment_status":"closed","ping_status":"closed","template":"","meta":{"_acf_changed":false,"footnotes":""},"class_list":["post-161604","page","type-page","status-publish","hentry"],"acf":[],"_links":{"self":[{"href":"https:\/\/www.puregym.swiss\/it\/wp-json\/wp\/v2\/pages\/161604","targetHints":{"allow":["GET"]}}],"collection":[{"href":"https:\/\/www.puregym.swiss\/it\/wp-json\/wp\/v2\/pages"}],"about":[{"href":"https:\/\/www.puregym.swiss\/it\/wp-json\/wp\/v2\/types\/page"}],"author":[{"embeddable":true,"href":"https:\/\/www.puregym.swiss\/it\/wp-json\/wp\/v2\/users\/48"}],"replies":[{"embeddable":true,"href":"https:\/\/www.puregym.swiss\/it\/wp-json\/wp\/v2\/comments?post=161604"}],"version-history":[{"count":18,"href":"https:\/\/www.puregym.swiss\/it\/wp-json\/wp\/v2\/pages\/161604\/revisions"}],"predecessor-version":[{"id":391026,"href":"https:\/\/www.puregym.swiss\/it\/wp-json\/wp\/v2\/pages\/161604\/revisions\/391026"}],"wp:attachment":[{"href":"https:\/\/www.puregym.swiss\/it\/wp-json\/wp\/v2\/media?parent=161604"}],"curies":[{"name":"wp","href":"https:\/\/api.w.org\/{rel}","templated":true}]}}