{"id":161617,"date":"2017-11-09T11:50:27","date_gmt":"2017-11-09T10:50:27","guid":{"rendered":"https:\/\/dev.basefit.bitdivision.de?page_id=161617"},"modified":"2025-12-16T09:25:51","modified_gmt":"2025-12-16T08:25:51","slug":"legal-notice","status":"publish","type":"page","link":"https:\/\/www.puregym.swiss\/it\/legal-notice.html","title":{"rendered":"Legal notice"},"content":{"rendered":"<div class=\"wpb-content-wrapper\"><p>[vc_row][vc_column][vc_column_text css=&#8221;&#8221; el_class=&#8221;headline&#8221;]<\/p>\n<h1 class=\"p1\" style=\"text-align: center;\">Nota legale<\/h1>\n<h3 class=\"sub-headline\" style=\"text-align: center;\">Legale<\/h3>\n<p>[\/vc_column_text][vc_column_text css=&#8221;.vc_custom_1641825657141{margin-bottom: 70px !important;}&#8221;]<\/p>\n<h4 style=\"text-align: center;\">PureGym AG<\/h4>\n<p style=\"text-align: center;\">Grabenwisstrasse 5<br \/>\n8604 Volketswil<\/p>\n<p style=\"text-align: center;\">E-Mail: mitgliederverwaltung@puregym.swiss<br \/>\nWebsite: http:\/\/puregym.swiss<\/p>\n<p class=\"p1\" style=\"text-align: center;\">Registro delle imprese: CH-020.3.031.666-2<br \/>\nP. IVA: CHE-113.928.892<\/p>\n<p>[\/vc_column_text][vc_column_text el_class=&#8221;text-xs-dplLine&#8221;]<\/p>\n<p class=\"p1\"><strong>G<strong translate=\"no\">oogle-analytics<\/strong><\/strong><\/p>\n<p class=\"p1\">Questo sito web usa Google Analytics, un servizio di analisi del web di Google Inc. (&#8220;Google&#8221;). Google Analytics usa i cosiddetti &#8220;cookie&#8221;, file di testo che vengono salvati nel tuo computer allo scopo di permettere l&#8217;analisi del tuo utilizzo del sito web. Le informazioni prodotte dai cookie sul tuo utilizzo del sito (compreso il tuo indirizzo IP) vengono comunicate a un server di Google negli Stati Uniti e l\u00ec conservate. Google le usa per valutare l&#8217;uso che fai del sito internet, compilare dei rapporti relativi alle attivit\u00e0 di navigazione per il gestore del sito web e per fornire servizi specifici relativi alle attivit\u00e0 del sito e dell&#8217;uso di internet. Google passer\u00e0 le informazioni a terzi, se richiesto per legge o se queste parti agiscono per conto di Google. In nessuna circostanza Google assocer\u00e0 il tuo indirizzo IP ad altri dati di Google. Puoi scegliere di non attivare i cookie scegliendo la relativa opzione dalle impostazioni del browser; tuttavia, la disattivazione dei cookie pu\u00f2 comportare limitazioni al pieno utilizzo del sito internet. Navigando su questo sito Internet, consenti la gestione dei dati raccolti da parte di Google nelle modalit\u00e0 sopra descritte e per gli scopi sopra esposti.<\/p>\n<p>[\/vc_column_text][\/vc_column][\/vc_row]<\/p>\n<\/div>","protected":false},"excerpt":{"rendered":"<p>[vc_row][vc_column][vc_column_text css=&#8221;&#8221; el_class=&#8221;headline&#8221;] Nota legale Legale [\/vc_column_text][vc_column_text css=&#8221;.vc_custom_1641825657141{margin-bottom: 70px !important;}&#8221;] PureGym AG Grabenwisstrasse 5 8604 Volketswil E-Mail: mitgliederverwaltung@puregym.swiss Website: http:\/\/puregym.swiss Registro delle imprese: CH-020.3.031.666-2 P. IVA: CHE-113.928.892 [\/vc_column_text][vc_column_text el_class=&#8221;text-xs-dplLine&#8221;] Google-analytics Questo sito web usa Google Analytics, un servizio di analisi del web di Google Inc. (&#8220;Google&#8221;). Google Analytics usa i cosiddetti &#8220;cookie&#8221;, file di testo [&hellip;]<\/p>\n","protected":false},"author":48,"featured_media":0,"parent":0,"menu_order":4,"comment_status":"closed","ping_status":"closed","template":"","meta":{"_acf_changed":false,"footnotes":""},"class_list":["post-161617","page","type-page","status-publish","hentry"],"acf":[],"_links":{"self":[{"href":"https:\/\/www.puregym.swiss\/it\/wp-json\/wp\/v2\/pages\/161617","targetHints":{"allow":["GET"]}}],"collection":[{"href":"https:\/\/www.puregym.swiss\/it\/wp-json\/wp\/v2\/pages"}],"about":[{"href":"https:\/\/www.puregym.swiss\/it\/wp-json\/wp\/v2\/types\/page"}],"author":[{"embeddable":true,"href":"https:\/\/www.puregym.swiss\/it\/wp-json\/wp\/v2\/users\/48"}],"replies":[{"embeddable":true,"href":"https:\/\/www.puregym.swiss\/it\/wp-json\/wp\/v2\/comments?post=161617"}],"version-history":[{"count":1,"href":"https:\/\/www.puregym.swiss\/it\/wp-json\/wp\/v2\/pages\/161617\/revisions"}],"predecessor-version":[{"id":390305,"href":"https:\/\/www.puregym.swiss\/it\/wp-json\/wp\/v2\/pages\/161617\/revisions\/390305"}],"wp:attachment":[{"href":"https:\/\/www.puregym.swiss\/it\/wp-json\/wp\/v2\/media?parent=161617"}],"curies":[{"name":"wp","href":"https:\/\/api.w.org\/{rel}","templated":true}]}}